{"id":607,"date":"2015-05-23T18:58:14","date_gmt":"2015-05-23T18:58:14","guid":{"rendered":"https:\/\/www.albadei2soli-bnb.com\/?page_id=373"},"modified":"2015-06-07T19:26:48","modified_gmt":"2015-06-07T19:26:48","slug":"itinerario-enogastronomico","status":"publish","type":"page","link":"https:\/\/www.albadei2soli-bnb.com\/es\/itinerario-enogastronomico\/","title":{"rendered":"Itinerario Enogastronomico"},"content":{"rendered":"<p>[et_pb_section fullwidth=\u00bboff\u00bb specialty=\u00bbon\u00bb][et_pb_column type=\u00bb1_4&#8243;][et_pb_text admin_label=\u00bbTexto\u00bb background_layout=\u00bblight\u00bb text_orientation=\u00bbleft\u00bb]<\/p>\n<h3>Itinerario Enogastron\u00f3mico<\/h3>\n<ul>\n<li class=\"p1\"><strong>Umbr\u00eda:<\/strong> Sagrantino y \u201cRosso di Montefalco\u201d (Tinto)\u00a0 (30 km)<\/li>\n<li class=\"p1\"><strong>Marche:<\/strong> \u201cVerdicchio Jesi y Matelica\u201d (Blanco) ( 47 km)<\/li>\n<li class=\"p1\"><strong>Umbr\u00eda:<\/strong> Chocolate Perugina \u2013Venchi\u00a0 (60 km)<\/li>\n<li class=\"p1\">Queser\u00edas artesanales\u00a0 (10 km)<\/li>\n<li class=\"p1\">Charcuter\u00edas y carnicer\u00edas de calidad (10 km)<\/li>\n<li class=\"p1\">Recomendaciones sobre restaurantes con cocina sin gluten en Umbr\u00eda<\/li>\n<li class=\"p1\">Recomendaciones sobre restaurantes con cocina sin gluten en Las Marcas.<\/li>\n<\/ul>\n<p>[\/et_pb_text][\/et_pb_column][et_pb_column type=\u00bb3_4&#8243; specialty_columns=\u00bb3&#8243;][et_pb_row_inner][et_pb_column_inner type=\u00bb1_3&#8243;][et_pb_image admin_label=\u00bbImagen\u00bb src=\u00bbhttps:\/\/www.albadei2soli-bnb.com\/es\/wp-content\/uploads\/sites\/2\/2015\/05\/collage7-1.jpg\u00bb show_in_lightbox=\u00bboff\u00bb url_new_window=\u00bboff\u00bb animation=\u00bboff\u00bb sticky=\u00bboff\u00bb \/][et_pb_image admin_label=\u00bbImagen\u00bb src=\u00bbhttps:\/\/www.albadei2soli-bnb.com\/es\/wp-content\/uploads\/sites\/2\/2015\/05\/baci.jpg\u00bb show_in_lightbox=\u00bboff\u00bb url_new_window=\u00bboff\u00bb animation=\u00bboff\u00bb sticky=\u00bboff\u00bb \/][\/et_pb_column_inner][et_pb_column_inner type=\u00bb1_3&#8243;][et_pb_image admin_label=\u00bbImagen\u00bb src=\u00bbhttps:\/\/www.albadei2soli-bnb.com\/es\/wp-content\/uploads\/sites\/2\/2015\/05\/formaggi.jpg\u00bb show_in_lightbox=\u00bboff\u00bb url_new_window=\u00bboff\u00bb animation=\u00bboff\u00bb sticky=\u00bboff\u00bb \/][et_pb_image admin_label=\u00bbImagen\u00bb src=\u00bbhttps:\/\/www.albadei2soli-bnb.com\/es\/wp-content\/uploads\/sites\/2\/2015\/05\/image-05-06-15-04-31.jpeg\u00bb show_in_lightbox=\u00bboff\u00bb url_new_window=\u00bboff\u00bb animation=\u00bboff\u00bb sticky=\u00bboff\u00bb \/][\/et_pb_column_inner][et_pb_column_inner type=\u00bb1_3&#8243;][et_pb_image admin_label=\u00bbImagen\u00bb src=\u00bbhttps:\/\/www.albadei2soli-bnb.com\/es\/wp-content\/uploads\/sites\/2\/2015\/05\/gfSI.jpg\u00bb show_in_lightbox=\u00bboff\u00bb url_new_window=\u00bboff\u00bb animation=\u00bboff\u00bb sticky=\u00bboff\u00bb \/][\/et_pb_column_inner][\/et_pb_row_inner][\/et_pb_column][\/et_pb_section]<\/p>\n","protected":false},"excerpt":{"rendered":"<p>[et_pb_section fullwidth=\u00bboff\u00bb specialty=\u00bbon\u00bb][et_pb_column type=\u00bb1_4&#8243;][et_pb_text admin_label=\u00bbTexto\u00bb background_layout=\u00bblight\u00bb text_orientation=\u00bbleft\u00bb] Itinerario Enogastron\u00f3mico Umbr\u00eda: Sagrantino y \u201cRosso di Montefalco\u201d (Tinto)\u00a0 (30 km) Marche: \u201cVerdicchio Jesi y Matelica\u201d (Blanco) ( 47 km) Umbr\u00eda: Chocolate Perugina \u2013Venchi\u00a0 (60 km) Queser\u00edas artesanales\u00a0 (10 km) Charcuter\u00edas y carnicer\u00edas de calidad (10 km) Recomendaciones sobre restaurantes con cocina sin gluten en Umbr\u00eda Recomendaciones sobre [&hellip;]<\/p>\n","protected":false},"author":1,"featured_media":0,"parent":0,"menu_order":0,"comment_status":"open","ping_status":"open","template":"","meta":{"jetpack_post_was_ever_published":false,"footnotes":""},"class_list":["post-607","page","type-page","status-publish","hentry"],"jetpack_sharing_enabled":true,"jetpack_shortlink":"https:\/\/wp.me\/P6jfyR-9N","jetpack-related-posts":[],"_links":{"self":[{"href":"https:\/\/www.albadei2soli-bnb.com\/es\/wp-json\/wp\/v2\/pages\/607","targetHints":{"allow":["GET"]}}],"collection":[{"href":"https:\/\/www.albadei2soli-bnb.com\/es\/wp-json\/wp\/v2\/pages"}],"about":[{"href":"https:\/\/www.albadei2soli-bnb.com\/es\/wp-json\/wp\/v2\/types\/page"}],"author":[{"embeddable":true,"href":"https:\/\/www.albadei2soli-bnb.com\/es\/wp-json\/wp\/v2\/users\/1"}],"replies":[{"embeddable":true,"href":"https:\/\/www.albadei2soli-bnb.com\/es\/wp-json\/wp\/v2\/comments?post=607"}],"version-history":[{"count":1,"href":"https:\/\/www.albadei2soli-bnb.com\/es\/wp-json\/wp\/v2\/pages\/607\/revisions"}],"predecessor-version":[{"id":731,"href":"https:\/\/www.albadei2soli-bnb.com\/es\/wp-json\/wp\/v2\/pages\/607\/revisions\/731"}],"wp:attachment":[{"href":"https:\/\/www.albadei2soli-bnb.com\/es\/wp-json\/wp\/v2\/media?parent=607"}],"curies":[{"name":"wp","href":"https:\/\/api.w.org\/{rel}","templated":true}]}}