{"id":605,"date":"2015-05-23T18:57:10","date_gmt":"2015-05-23T18:57:10","guid":{"rendered":"https:\/\/www.albadei2soli-bnb.com\/?page_id=371"},"modified":"2015-06-08T18:33:47","modified_gmt":"2015-06-08T18:33:47","slug":"itinerario-religioso","status":"publish","type":"page","link":"https:\/\/www.albadei2soli-bnb.com\/es\/itinerario-religioso\/","title":{"rendered":"Itinerario Religioso"},"content":{"rendered":"<p>[et_pb_section fullwidth=\u00bboff\u00bb specialty=\u00bbon\u00bb][et_pb_column type=\u00bb1_2&#8243;][et_pb_text admin_label=\u00bbTexto\u00bb background_layout=\u00bblight\u00bb text_orientation=\u00bbleft\u00bb]<\/p>\n<h2 class=\"p1\"><span class=\"s1\">Itinerario Religioso<\/span><\/h2>\n<ul>\n<li class=\"p1\"><span class=\"s1\"><strong>Umbr\u00eda:<\/strong> AS\u00cdS( 40 km) CASCIA (70 km)<\/span><\/li>\n<li class=\"p1\"><strong>Las Marcas:<\/strong> LORETO (110 km)<\/li>\n<li class=\"p1\"><strong>Via Lauretana:<\/strong> Nuestro B&amp;B se encuentra pr\u00e1cticamente en el centro de este antiguo camino. Durante los a\u00f1os de jubileo tendremos ofertas especiales para los grupos de peregrinos.<\/li>\n<li class=\"p1\"><strong>Via de San Francisco de As\u00eds:\u00a0 <\/strong>La ermita de Sant\u2019Angelo, el convento de Brogliano, la cavalgata de Satriano se encuentran a poca distancia de nuestro B&amp;B. Tenemos ofertas especiales para las personas interesadas en este itinerario.<\/li>\n<li class=\"p1\"><strong>Marcha de la Paz de As\u00eds<\/strong>\u00a0 (40 km);<\/li>\n<\/ul>\n<p>[\/et_pb_text][\/et_pb_column][et_pb_column type=\u00bb1_2&#8243; specialty_columns=\u00bb2&#8243;][et_pb_row_inner][et_pb_column_inner type=\u00bb1_2&#8243;][et_pb_image admin_label=\u00bbImagen\u00bb src=\u00bbhttps:\/\/www.albadei2soli-bnb.com\/es\/wp-content\/uploads\/sites\/2\/2015\/05\/pax.jpg\u00bb show_in_lightbox=\u00bboff\u00bb url_new_window=\u00bboff\u00bb animation=\u00bboff\u00bb sticky=\u00bboff\u00bb \/][et_pb_image admin_label=\u00bbImagen\u00bb src=\u00bbhttps:\/\/www.albadei2soli-bnb.com\/es\/wp-content\/uploads\/sites\/2\/2015\/05\/Santa-Casa.jpg\u00bb show_in_lightbox=\u00bboff\u00bb url_new_window=\u00bboff\u00bb animation=\u00bboff\u00bb sticky=\u00bboff\u00bb \/][\/et_pb_column_inner][et_pb_column_inner type=\u00bb1_2&#8243;][et_pb_image admin_label=\u00bbImagen\u00bb src=\u00bbhttps:\/\/www.albadei2soli-bnb.com\/es\/wp-content\/uploads\/sites\/2\/2015\/05\/marcia.jpg\u00bb show_in_lightbox=\u00bboff\u00bb url_new_window=\u00bboff\u00bb animation=\u00bboff\u00bb sticky=\u00bboff\u00bb \/][et_pb_image admin_label=\u00bbImagen\u00bb src=\u00bbhttps:\/\/www.albadei2soli-bnb.com\/es\/wp-content\/uploads\/sites\/2\/2015\/05\/eremo.jpg\u00bb show_in_lightbox=\u00bboff\u00bb url_new_window=\u00bboff\u00bb animation=\u00bboff\u00bb sticky=\u00bboff\u00bb \/][\/et_pb_column_inner][\/et_pb_row_inner][\/et_pb_column][\/et_pb_section]<\/p>\n","protected":false},"excerpt":{"rendered":"<p>[et_pb_section fullwidth=\u00bboff\u00bb specialty=\u00bbon\u00bb][et_pb_column type=\u00bb1_2&#8243;][et_pb_text admin_label=\u00bbTexto\u00bb background_layout=\u00bblight\u00bb text_orientation=\u00bbleft\u00bb] Itinerario Religioso Umbr\u00eda: AS\u00cdS( 40 km) CASCIA (70 km) Las Marcas: LORETO (110 km) Via Lauretana: Nuestro B&amp;B se encuentra pr\u00e1cticamente en el centro de este antiguo camino. Durante los a\u00f1os de jubileo tendremos ofertas especiales para los grupos de peregrinos. Via de San Francisco de As\u00eds:\u00a0 La [&hellip;]<\/p>\n","protected":false},"author":1,"featured_media":0,"parent":0,"menu_order":0,"comment_status":"open","ping_status":"open","template":"","meta":{"jetpack_post_was_ever_published":false,"footnotes":""},"class_list":["post-605","page","type-page","status-publish","hentry"],"jetpack_sharing_enabled":true,"jetpack_shortlink":"https:\/\/wp.me\/P6jfyR-9L","jetpack-related-posts":[],"_links":{"self":[{"href":"https:\/\/www.albadei2soli-bnb.com\/es\/wp-json\/wp\/v2\/pages\/605","targetHints":{"allow":["GET"]}}],"collection":[{"href":"https:\/\/www.albadei2soli-bnb.com\/es\/wp-json\/wp\/v2\/pages"}],"about":[{"href":"https:\/\/www.albadei2soli-bnb.com\/es\/wp-json\/wp\/v2\/types\/page"}],"author":[{"embeddable":true,"href":"https:\/\/www.albadei2soli-bnb.com\/es\/wp-json\/wp\/v2\/users\/1"}],"replies":[{"embeddable":true,"href":"https:\/\/www.albadei2soli-bnb.com\/es\/wp-json\/wp\/v2\/comments?post=605"}],"version-history":[{"count":3,"href":"https:\/\/www.albadei2soli-bnb.com\/es\/wp-json\/wp\/v2\/pages\/605\/revisions"}],"predecessor-version":[{"id":756,"href":"https:\/\/www.albadei2soli-bnb.com\/es\/wp-json\/wp\/v2\/pages\/605\/revisions\/756"}],"wp:attachment":[{"href":"https:\/\/www.albadei2soli-bnb.com\/es\/wp-json\/wp\/v2\/media?parent=605"}],"curies":[{"name":"wp","href":"https:\/\/api.w.org\/{rel}","templated":true}]}}