{"id":602,"date":"2015-05-22T18:00:14","date_gmt":"2015-05-22T18:00:14","guid":{"rendered":"https:\/\/www.albadei2soli-bnb.com\/?page_id=325"},"modified":"2015-06-09T09:37:00","modified_gmt":"2015-06-09T09:37:00","slug":"a-eventos","status":"publish","type":"page","link":"https:\/\/www.albadei2soli-bnb.com\/es\/a-eventos\/","title":{"rendered":"Actividades EVENTOS"},"content":{"rendered":"<p>[et_pb_section fullwidth=\u00bboff\u00bb specialty=\u00bbon\u00bb][et_pb_column type=\u00bb1_2&#8243;][et_pb_text admin_label=\u00bbTexto\u00bb background_layout=\u00bblight\u00bb text_orientation=\u00bbleft\u00bb]<\/p>\n<h2>EVENTOS<\/h2>\n<p><span style=\"text-decoration: underline;\"><span class=\"s1\"><strong>Montelago celtic festival:<\/strong><span class=\"Apple-converted-space\">\u00a0<\/span><\/span><\/span><span class=\"s1\">A pocos Km de nuestro B&amp;B, en Taverne (municipio Serravalle di Chienti), en el centro de la meseta de Colfiorito, tiene lugar cada a\u00f1o, en el primer fin de semana de agosto, el festival internacional de cultura y m\u00fasica celta.<\/span><\/p>\n<p class=\"p1\"><span class=\"s1\">Una mezcla excepcional de tradiciones celtas, naturaleza y deporte. Es conocido a nivel mundial y ,cada a\u00f1o, crece el n\u00famero de participantes, con, aproximadamente, 20.000 personas que vuelven cada a\u00f1o.<\/span><\/p>\n<p class=\"p1\"><span class=\"s1\">De noche, el m\u00e1gico ambiente se llena de m\u00fasica celta, folk-celta y rock-celta, con conciertos sin interrupci\u00f3n hasta la madrugada de grupos italianos e internacionales. Unas 36 horas de m\u00fasica ininterrumpidas\u2026 las gaitas, los violines, las arpas y las guitarras el\u00e9ctricas son los protagonistas.<\/span><\/p>\n<p class=\"p1\"><span class=\"s1\">Durante el d\u00eda se respira un clima de libertad y de pleno contacto con la naturaleza. Encuentros de\u00a0fantasy, juegos para ni\u00f1os, mercadillos artesanales, clases de gaita, de arpa, de esgrima antigua y de tiro con arco. Es emocionante la simulaci\u00f3n de combate con vestimentas celtas y la celebraci\u00f3n de rom\u00e1nticos matrimonios druidas.<\/span><\/p>\n<p class=\"p1\"><span class=\"s1\">Por lo que respecta al deporte, el torneo de rugby a siete \u201cflowers of Montelago\u201d, patrocinado por la federaci\u00f3n Italiana de Rugby, cada a\u00f1o atrae a m\u00e1s participantes de todos los rincones de Italia. Se llevan a cabo, adem\u00e1s, competiciones de tiro de tronco, tiro con piedra y tiro de la cuerda.<\/span><\/p>\n<p class=\"p1\"><span class=\"s1\">En todo el festival se lleva a cabo el reciclaje de los residuos, cuenta con un entorno \u00fanico, una gastronom\u00eda incre\u00edble preparada\u00a0por los stands de los pueblos cercanos y con la magia del hidromiel, la bebida celta por excelencia.<\/span><\/p>\n<p class=\"p1\"><span class=\"s1\">Una fiesta para adultos y ni\u00f1os, hombres y mujeres, que no os pod\u00e9is perder.<br \/>\nA partir de este a\u00f1o <strong>el fabuloso<\/strong> <strong>amanecer de Monte Pennino<\/strong> ser\u00e1 uno de los protagonistas del programa.<\/span><\/p>\n<p class=\"p1\"><span class=\"s1\">Para m\u00e1s informaci\u00f3n y para consultar el programa: <\/span>\u00a0<a href=\"http:\/\/www.montelagocelticfestival.it\/\">www.montelagocelticfestival.it<\/a><\/p>\n<p>[\/et_pb_text][\/et_pb_column][et_pb_column type=\u00bb1_2&#8243; specialty_columns=\u00bb2&#8243;][et_pb_row_inner][et_pb_column_inner type=\u00bb1_2&#8243;][et_pb_image admin_label=\u00bbImagen\u00bb src=\u00bbhttps:\/\/www.albadei2soli-bnb.com\/es\/wp-content\/uploads\/sites\/2\/2015\/05\/collage7.jpg\u00bb show_in_lightbox=\u00bboff\u00bb url_new_window=\u00bboff\u00bb animation=\u00bboff\u00bb sticky=\u00bboff\u00bb \/][et_pb_image admin_label=\u00bbImagen\u00bb src=\u00bbhttps:\/\/www.albadei2soli-bnb.com\/es\/wp-content\/uploads\/sites\/2\/2015\/05\/Montelago_Celtic_Festival.jpg\u00bb show_in_lightbox=\u00bboff\u00bb url_new_window=\u00bboff\u00bb animation=\u00bboff\u00bb sticky=\u00bboff\u00bb \/][\/et_pb_column_inner][et_pb_column_inner type=\u00bb1_2&#8243;][et_pb_image admin_label=\u00bbImagen\u00bb src=\u00bbhttps:\/\/www.albadei2soli-bnb.com\/es\/wp-content\/uploads\/sites\/2\/2015\/05\/Questo-\u00e8-il-popolo-di-Montelago_Trombetti-1.jpg\u00bb show_in_lightbox=\u00bboff\u00bb url_new_window=\u00bboff\u00bb animation=\u00bboff\u00bb sticky=\u00bboff\u00bb \/][et_pb_image admin_label=\u00bbImagen\u00bb src=\u00bbhttps:\/\/www.albadei2soli-bnb.com\/es\/wp-content\/uploads\/sites\/2\/2015\/05\/Montelago-day-2-15.jpg\u00bb show_in_lightbox=\u00bboff\u00bb url_new_window=\u00bboff\u00bb animation=\u00bboff\u00bb sticky=\u00bboff\u00bb \/][\/et_pb_column_inner][\/et_pb_row_inner][\/et_pb_column][\/et_pb_section][et_pb_section fullwidth=\u00bboff\u00bb specialty=\u00bbon\u00bb][et_pb_column type=\u00bb1_2&#8243;][et_pb_text admin_label=\u00bbTexto\u00bb background_layout=\u00bblight\u00bb text_orientation=\u00bbleft\u00bb]<\/p>\n<p><span style=\"text-decoration: underline;\"><strong>Il Nido dell\u2019Aquila:<\/strong>\u00a0<\/span><span class=\"s1\">Cada a\u00f1o, Monte Pennino se convierte en el marco de una competici\u00f3n extraordinaria, la carrera automovil\u00edstica \u201cIl Nido dell\u2019Aquila\u201d, dos d\u00edas intensos de deporte de alto nivel. \u201cUn nombre, una garant\u00eda\u201d fue el eslogan del a\u00f1o pasado,<span class=\"Apple-converted-space\">\u00a0 <\/span>prueba de que s\u00f3lo el nombre evoca pasi\u00f3n, adrenalina, deporte y espect\u00e1culo; sensaciones \u00fanicas que se sienten\u00a0escalando el Monte Pennino por un camino agreste hasta los 1500 metros de altura en coches de f\u00f3rmula uno. Este a\u00f1o la distancia del recorrido aumentar\u00e1, alcanzando un total de 12,5 km. No pod\u00e9is perderos esta emoci\u00f3n, sumergiros en la naturaleza salvaje para disfrutar del espect\u00e1culo.<\/span><\/p>\n<p class=\"p1\"><span class=\"s1\">Desde nuestro B&amp;B podr\u00e9is llegar hasta Monte Pennino en pocos minutos.<\/span><br \/>\n<a href=\"http:\/\/www.nocerainumbria.it\/dettagli.aspx?c=30&amp;sc=95&amp;ssc=&amp;id=3&amp;tbl=eventi\">http:\/\/www.nocerainumbria.it\/dettagli.aspx?c=30&amp;sc=95&amp;ssc=&amp;id=3&amp;tbl=eventi<\/a><\/p>\n<p>&nbsp;<\/p>\n<p>[\/et_pb_text][\/et_pb_column][et_pb_column type=\u00bb1_2&#8243; specialty_columns=\u00bb2&#8243;][et_pb_row_inner][et_pb_column_inner type=\u00bb4_4&#8243;][et_pb_image admin_label=\u00bbImagen\u00bb src=\u00bbhttps:\/\/www.albadei2soli-bnb.com\/es\/wp-content\/uploads\/sites\/2\/2015\/05\/Spagolla-Bardini-Ford-Fiesta-1-610&#215;40011.jpg\u00bb show_in_lightbox=\u00bboff\u00bb url_new_window=\u00bboff\u00bb animation=\u00bboff\u00bb sticky=\u00bboff\u00bb \/][\/et_pb_column_inner][\/et_pb_row_inner][\/et_pb_column][\/et_pb_section][et_pb_section fullwidth=\u00bboff\u00bb specialty=\u00bbon\u00bb][et_pb_column type=\u00bb1_2&#8243;][et_pb_text admin_label=\u00bbTexto\u00bb background_layout=\u00bblight\u00bb text_orientation=\u00bbleft\u00bb]<\/p>\n<p class=\"p1\"><span class=\"s1\"><span style=\"text-decoration: underline;\"><strong>Verbenas:<\/strong><\/span> Durante todo el verano se llevan a cabo verbenas en los pueblos de los alrededores.<\/span><\/p>\n<p class=\"p1\"><span class=\"s1\">En estas verbenas se puede descubrir la hospitalidad de los habitantes de\u00a0este territorio, una gastronom\u00eda casera y genuina, la m\u00fasica, las competiciones de cartas, todos los eventos y la alegr\u00eda que se respira en estas frescas noches de verano.<\/span><\/p>\n<p class=\"p1\"><span class=\"s1\">Algunas de las m\u00e1s importantes son: Sagra della Bruschetta\u00bb de Taverne, \u201cSagra della patata rossa (igp)\u201d de Colfiorito, \u201cSagra della Lenticchia\u00bb de Annifo, \u201cSagra dell\u2019Acquacotta\u201d de Dignano, \u201cSagra dei Vincisgrassi\u00bb de Serravalle.<\/span><\/p>\n<p>&nbsp;<\/p>\n<p>[\/et_pb_text][\/et_pb_column][et_pb_column type=\u00bb1_2&#8243; specialty_columns=\u00bb2&#8243;][et_pb_row_inner][et_pb_column_inner type=\u00bb1_2&#8243;][et_pb_image admin_label=\u00bbImagen\u00bb src=\u00bbhttps:\/\/www.albadei2soli-bnb.com\/es\/wp-content\/uploads\/sites\/2\/2015\/05\/image-05-06-15-11-41-1.jpeg\u00bb show_in_lightbox=\u00bboff\u00bb url_new_window=\u00bboff\u00bb animation=\u00bboff\u00bb sticky=\u00bboff\u00bb \/][\/et_pb_column_inner][et_pb_column_inner type=\u00bb1_2&#8243;][et_pb_image admin_label=\u00bbImagen\u00bb src=\u00bbhttps:\/\/www.albadei2soli-bnb.com\/es\/wp-content\/uploads\/sites\/2\/2015\/05\/image-05-06-15-11-41.jpeg\u00bb show_in_lightbox=\u00bboff\u00bb url_new_window=\u00bboff\u00bb animation=\u00bboff\u00bb sticky=\u00bboff\u00bb \/][\/et_pb_column_inner][\/et_pb_row_inner][\/et_pb_column][\/et_pb_section]<\/p>\n","protected":false},"excerpt":{"rendered":"<p>[et_pb_section fullwidth=\u00bboff\u00bb specialty=\u00bbon\u00bb][et_pb_column type=\u00bb1_2&#8243;][et_pb_text admin_label=\u00bbTexto\u00bb background_layout=\u00bblight\u00bb text_orientation=\u00bbleft\u00bb] EVENTOS Montelago celtic festival:\u00a0A pocos Km de nuestro B&amp;B, en Taverne (municipio Serravalle di Chienti), en el centro de la meseta de Colfiorito, tiene lugar cada a\u00f1o, en el primer fin de semana de agosto, el festival internacional de cultura y m\u00fasica celta. Una mezcla excepcional de tradiciones [&hellip;]<\/p>\n","protected":false},"author":1,"featured_media":0,"parent":0,"menu_order":0,"comment_status":"open","ping_status":"open","template":"","meta":{"jetpack_post_was_ever_published":false,"footnotes":""},"class_list":["post-602","page","type-page","status-publish","hentry"],"jetpack_sharing_enabled":true,"jetpack_shortlink":"https:\/\/wp.me\/P6jfyR-9I","jetpack-related-posts":[],"_links":{"self":[{"href":"https:\/\/www.albadei2soli-bnb.com\/es\/wp-json\/wp\/v2\/pages\/602","targetHints":{"allow":["GET"]}}],"collection":[{"href":"https:\/\/www.albadei2soli-bnb.com\/es\/wp-json\/wp\/v2\/pages"}],"about":[{"href":"https:\/\/www.albadei2soli-bnb.com\/es\/wp-json\/wp\/v2\/types\/page"}],"author":[{"embeddable":true,"href":"https:\/\/www.albadei2soli-bnb.com\/es\/wp-json\/wp\/v2\/users\/1"}],"replies":[{"embeddable":true,"href":"https:\/\/www.albadei2soli-bnb.com\/es\/wp-json\/wp\/v2\/comments?post=602"}],"version-history":[{"count":4,"href":"https:\/\/www.albadei2soli-bnb.com\/es\/wp-json\/wp\/v2\/pages\/602\/revisions"}],"predecessor-version":[{"id":775,"href":"https:\/\/www.albadei2soli-bnb.com\/es\/wp-json\/wp\/v2\/pages\/602\/revisions\/775"}],"wp:attachment":[{"href":"https:\/\/www.albadei2soli-bnb.com\/es\/wp-json\/wp\/v2\/media?parent=602"}],"curies":[{"name":"wp","href":"https:\/\/api.w.org\/{rel}","templated":true}]}}