{"id":599,"date":"2015-05-22T17:57:11","date_gmt":"2015-05-22T17:57:11","guid":{"rendered":"https:\/\/www.albadei2soli-bnb.com\/?page_id=322"},"modified":"2015-06-09T09:33:46","modified_gmt":"2015-06-09T09:33:46","slug":"cultura-arqueologia","status":"publish","type":"page","link":"https:\/\/www.albadei2soli-bnb.com\/es\/cultura-arqueologia\/","title":{"rendered":"Cultura y Arqueolog\u00eda"},"content":{"rendered":"<p>[et_pb_section fullwidth=\u00bboff\u00bb specialty=\u00bbon\u00bb][et_pb_column type=\u00bb2_3&#8243; specialty_columns=\u00bb2&#8243;][et_pb_row_inner][et_pb_column_inner type=\u00bb4_4&#8243;][et_pb_text admin_label=\u00bbTexto\u00bb background_layout=\u00bblight\u00bb text_orientation=\u00bbleft\u00bb]<\/p>\n<h2 class=\"p1\"><span class=\"s1\">Cultura y Arqueolog\u00eda:<\/span><\/h2>\n<p class=\"p1\"><span class=\"s1\">La historia de la zona de los Apeninos de Umbr\u00eda-Las Marcas es todav\u00eda, en gran parte, desconocida. Es un territorio lleno de vestigios antr\u00f3picos y faun\u00edsticos todavia sin descubrir.<\/span><\/p>\n<p class=\"p1\"><span class=\"s1\">En Collecurti y Cesi (Municipio de Serravalle di Chienti),<strong> dos excavaciones<\/strong> sacaron a la luz restos de animales datados hace unos 500.000 a\u00f1os. Restos f\u00f3siles de mammut (Archidiskodon meridionalis vestinus ), hipop\u00f3tamo (Hippopotamus antiquus), rinoceronte (Stephanorhinus cf. hundsheimensis), elefante de origen africana (Elephas sp.), de un tigre dientes de sable, osos, ciervos de peque\u00f1as dimensiones (Pseudodama), ciervos de grandes dimensiones (Megaceroides verticornis) de hace 900.000 a\u00f1os. Son algunos de los restos que pueden observarse en el \u00a0<strong>MuPa \u201cMuseo Paleontologico di Serravalle di Chienti(MC)<\/strong>\u201d.La colecci\u00f3n del museo cuenta tambi\u00e9n con numerosos restos antr\u00f3picos datados en el Paleol\u00edtico Superior (45.000-30.000 a\u00f1os); todos ellos provienen de una excavaci\u00f3n llevada a cabo el la localidad de Fonte delle Mattinate (Serravalle di Chienti).<\/span><\/p>\n<p class=\"p1\"><span class=\"s1\">En el <strong>Museo Arqueol\u00f3gico de Perugia<\/strong> podemos encontrar 18 hachas de la Edad del Bronce, hallados en la ladera occidental del Monte Trella y datadas en la Edad del Bronce Inicial (XIX-XVII siglos a.c.).<\/span><\/p>\n<p class=\"p1\"><span class=\"s1\">De gran inter\u00e9s es la <em>necr\u00f3polis<\/em> de Taverne de Serravalle di Chienti que est\u00e1 ,todav\u00eda, sin estudiar en profundidad; es de \u00e9poca protohist\u00f3rica y los restos de dos de sus tumbas se conservan en el <strong>Museo Arqueol\u00f3gico Nacional de Ancona.<\/strong><\/span><\/p>\n<p class=\"p1\"><span class=\"s1\">En el <strong>M.A.C , \u201cMuseo archeologico di Colfiorito\u201d<\/strong>, podemos encontrar restos datados desde la primera Edad del Hierro (aprox. 1.400 a.c.) hasta la Alta Edad Media. La mayor parte son producto de la poblaci\u00f3n de los plestinos (umbros), desde su origen hasta la romanizaci\u00f3n, y testimonian la introducci\u00f3n de Plestia en la gran trama de intercambios culturales entre Etruria, Magna Grecia y Grecia, debido a su posici\u00f3n favorable como cruce entre la zona del Adri\u00e1tico y del Tirreno.<\/span><\/p>\n<p class=\"p1\"><span class=\"s1\">Recomendamos, as\u00ed mismo, visitar el <strong>Museo Arqueol\u00f3gico de nocera Umbra y la Pinacoteca\/Museo C\u00edvico de San Francisco de As\u00eds<\/strong>, en el que podemos encontrar incre\u00edbles hallazgos de la zona. Visitando estos dos museos podemos recorrer el Paleol\u00edtico, el Neol\u00edtico, la protohistoria entre umbros y romanos, hasta llegar a la \u00e9poca medieval. Es posible observar los restos de las excavaciones llevadas a cabo por la Soprintenza Archeologica en el complejo residencial de \u00e9poca romana de <strong>Campodarco-Zingaretti<\/strong>, con sus incre\u00edbles estucos. La secci\u00f3n dedicada al periodo lombardo es amplia e importante.<\/span><\/p>\n<p class=\"p1\"><strong><span style=\"text-decoration: underline;\"><span class=\"s1\">Lugares de inter\u00e9s:<\/span><\/span><\/strong><\/p>\n<p class=\"p1\"><span class=\"s1\"><strong>\u201cI castellieri\u201d:<\/strong> Poblados protohistoricos fortificados. Algunos son de forma circular, otros helicoidales y otros siguen la forma de la cresta de la colina. La superficie interna var\u00eda entre los 400 y los 800 m2. Todos ellos est\u00e1n en una posici\u00f3n elevada, controlando el territorio. Recorri\u00e9ndolos, tendreis un punto de vista antiguo de 3000 a\u00f1os y podreis disfrutar de una increible panor\u00e1mica de todo el territorio. No os perdais el de Monte Orve, el de Monte Trella y el de Arvello.<\/span><\/p>\n<p class=\"p1\"><span class=\"s1\"><strong>Zona arqueol\u00f3gica de Plestia:<\/strong> Comprende una villa romana y la Basilica de Plestia, que sigue siendo utilizada y es visitable. Su origen se debe al culto de la diosa Cupra, precristiana, Diosa de las aguas y de la fertilidad. En el templo se hallaron un exvoto de la diosa, actualmente en el <strong>Museo Arqueol\u00f3gico de Foligno,<\/strong> y cuatro l\u00e1minas de bronce dedicadas a la diosa del siglo IV a.c. en el idioma de los umbros. Merece la pena visitar su fascinate cripta.<\/span><\/p>\n<p class=\"p1\"><a href=\"http:\/\/it.wikipedia.org\/wiki\/Chiesa_di_Santa_Maria_di_Pistia\" target=\"_blank\"><span class=\"s1\">http:\/\/it.wikipedia.org\/wiki\/Chiesa_di_Santa_Maria_di_Pistia<\/span><\/a><\/p>\n<p class=\"p1\"><span class=\"s1\"><strong>La \u201cBotte dei Varano\u201d:<\/strong> Una obra de ingenier\u00eda romana de gran importancia, realizada en galer\u00eda con bloques de travertino esponjoso colocadas en seco. Es un vestigio \u00fanico en la regi\u00f3n de Las Marcas. La obra de mejora\u00a0de la zona pantanosa iniciada por los romanos, fue concluida por los Varano de Camerino en 1464 y da nombre al lugar que conocemos hoy en d\u00eda.<br \/>\nLa Botte es completamente subterr\u00e1nea y en su interior nace el r\u00edo Chienti.<\/span><\/p>\n<p class=\"p1\"><span class=\"s1\">En el municipio de Serravalle di Chienti pueden visitarse, adem\u00e1s, la iglesia de Serravalle con frescos del pintor\u00a0<strong>DeMagistris<\/strong>, la iglesia de Acquapagana, la iglesia de La Madonna del Piano, la iglesia de Dignano y el Convento de Brogliano. En este \u00faltimo tuvo lugar, en el siglo XIV una importante reforma franciscana llamada\u00a0<strong>\u201dzoccolanti\u201d.<\/strong><\/span><\/p>\n<p class=\"p1\"><span class=\"s1\">Os recomendamos visitar las numerosas <strong>fuentes de agua<\/strong> (abrevaderos para el ganado) diseminados por todo el territorio, p\u00e9treos testigos de la cultura agreste de la zona; en ellos se puede apreciar la pureza del agua y el silencio de la naturaleza.<\/span><\/p>\n<p>[\/et_pb_text][\/et_pb_column_inner][\/et_pb_row_inner][\/et_pb_column][et_pb_column type=\u00bb1_3&#8243;][et_pb_image admin_label=\u00bbImagen\u00bb src=\u00bbhttps:\/\/www.albadei2soli-bnb.com\/es\/wp-content\/uploads\/sites\/2\/2015\/05\/mupa.jpg\u00bb show_in_lightbox=\u00bboff\u00bb url_new_window=\u00bboff\u00bb animation=\u00bboff\u00bb sticky=\u00bboff\u00bb \/][et_pb_image admin_label=\u00bbImagen\u00bb src=\u00bbhttps:\/\/www.albadei2soli-bnb.com\/es\/wp-content\/uploads\/sites\/2\/2015\/05\/SCAVO-TAVERNE.jpg\u00bb show_in_lightbox=\u00bboff\u00bb url_new_window=\u00bboff\u00bb animation=\u00bboff\u00bb sticky=\u00bboff\u00bb \/][et_pb_image admin_label=\u00bbImagen\u00bb src=\u00bbhttps:\/\/www.albadei2soli-bnb.com\/es\/wp-content\/uploads\/sites\/2\/2015\/05\/MAC.jpg\u00bb show_in_lightbox=\u00bboff\u00bb url_new_window=\u00bboff\u00bb animation=\u00bboff\u00bb sticky=\u00bboff\u00bb \/][et_pb_image admin_label=\u00bbImagen\u00bb src=\u00bbhttps:\/\/www.albadei2soli-bnb.com\/es\/wp-content\/uploads\/sites\/2\/2015\/05\/plestia.jpg\u00bb show_in_lightbox=\u00bboff\u00bb url_new_window=\u00bboff\u00bb animation=\u00bboff\u00bb sticky=\u00bboff\u00bb \/][et_pb_image admin_label=\u00bbImagen\u00bb src=\u00bbhttps:\/\/www.albadei2soli-bnb.com\/es\/wp-content\/uploads\/sites\/2\/2015\/05\/CRIPTA.jpg\u00bb show_in_lightbox=\u00bboff\u00bb url_new_window=\u00bboff\u00bb animation=\u00bboff\u00bb sticky=\u00bboff\u00bb \/][et_pb_image admin_label=\u00bbImagen\u00bb src=\u00bbhttps:\/\/www.albadei2soli-bnb.com\/es\/wp-content\/uploads\/sites\/2\/2015\/05\/BOTTE.jpg\u00bb show_in_lightbox=\u00bboff\u00bb url_new_window=\u00bboff\u00bb animation=\u00bboff\u00bb sticky=\u00bboff\u00bb \/][et_pb_image admin_label=\u00bbImagen\u00bb src=\u00bbhttps:\/\/www.albadei2soli-bnb.com\/es\/wp-content\/uploads\/sites\/2\/2015\/05\/mapa.jpg\u00bb show_in_lightbox=\u00bboff\u00bb url_new_window=\u00bboff\u00bb animation=\u00bboff\u00bb sticky=\u00bboff\u00bb \/][\/et_pb_column][\/et_pb_section]<\/p>\n","protected":false},"excerpt":{"rendered":"<p>[et_pb_section fullwidth=\u00bboff\u00bb specialty=\u00bbon\u00bb][et_pb_column type=\u00bb2_3&#8243; specialty_columns=\u00bb2&#8243;][et_pb_row_inner][et_pb_column_inner type=\u00bb4_4&#8243;][et_pb_text admin_label=\u00bbTexto\u00bb background_layout=\u00bblight\u00bb text_orientation=\u00bbleft\u00bb] Cultura y Arqueolog\u00eda: La historia de la zona de los Apeninos de Umbr\u00eda-Las Marcas es todav\u00eda, en gran parte, desconocida. Es un territorio lleno de vestigios antr\u00f3picos y faun\u00edsticos todavia sin descubrir. En Collecurti y Cesi (Municipio de Serravalle di Chienti), dos excavaciones sacaron a la [&hellip;]<\/p>\n","protected":false},"author":1,"featured_media":0,"parent":0,"menu_order":0,"comment_status":"open","ping_status":"open","template":"","meta":{"jetpack_post_was_ever_published":false,"footnotes":""},"class_list":["post-599","page","type-page","status-publish","hentry"],"jetpack_sharing_enabled":true,"jetpack_shortlink":"https:\/\/wp.me\/P6jfyR-9F","jetpack-related-posts":[],"_links":{"self":[{"href":"https:\/\/www.albadei2soli-bnb.com\/es\/wp-json\/wp\/v2\/pages\/599","targetHints":{"allow":["GET"]}}],"collection":[{"href":"https:\/\/www.albadei2soli-bnb.com\/es\/wp-json\/wp\/v2\/pages"}],"about":[{"href":"https:\/\/www.albadei2soli-bnb.com\/es\/wp-json\/wp\/v2\/types\/page"}],"author":[{"embeddable":true,"href":"https:\/\/www.albadei2soli-bnb.com\/es\/wp-json\/wp\/v2\/users\/1"}],"replies":[{"embeddable":true,"href":"https:\/\/www.albadei2soli-bnb.com\/es\/wp-json\/wp\/v2\/comments?post=599"}],"version-history":[{"count":4,"href":"https:\/\/www.albadei2soli-bnb.com\/es\/wp-json\/wp\/v2\/pages\/599\/revisions"}],"predecessor-version":[{"id":774,"href":"https:\/\/www.albadei2soli-bnb.com\/es\/wp-json\/wp\/v2\/pages\/599\/revisions\/774"}],"wp:attachment":[{"href":"https:\/\/www.albadei2soli-bnb.com\/es\/wp-json\/wp\/v2\/media?parent=599"}],"curies":[{"name":"wp","href":"https:\/\/api.w.org\/{rel}","templated":true}]}}