{"id":597,"date":"2015-05-22T17:55:45","date_gmt":"2015-05-22T17:55:45","guid":{"rendered":"https:\/\/www.albadei2soli-bnb.com\/?page_id=320"},"modified":"2015-06-08T18:50:37","modified_gmt":"2015-06-08T18:50:37","slug":"nocera-agua-tierra-castillos","status":"publish","type":"page","link":"https:\/\/www.albadei2soli-bnb.com\/es\/nocera-agua-tierra-castillos\/","title":{"rendered":"Nocera: Agua, Tierra y Castillos"},"content":{"rendered":"<p>[et_pb_section fullwidth=\u00bboff\u00bb specialty=\u00bbon\u00bb][et_pb_column type=\u00bb1_2&#8243;][et_pb_text admin_label=\u00bbText\u00bb background_layout=\u00bblight\u00bb text_orientation=\u00bbleft\u00bb]<\/p>\n<h2 class=\"p1\"><span class=\"s1\">Nocera: Agua, Tierra y Castillos<\/span><\/h2>\n<p class=\"p1\"><span class=\"s1\">Nuestro B&amp;B se encuentra en el municipio de Nocera Umbra. Nocera es un agradable pueblo medieval lleno de historia y situado a los pies de la cadena monta\u00f1osa de los Apeninos (Umbr\u00eda-Las Marcas) y cerca de la Via Flaminia.<\/span><\/p>\n<p class=\"p1\"><span class=\"s1\">Hay dos elementos que caracterizan a este territorio, el agua y la tierra. En el siglo XIII, Nocera era famosa por sus termas medicinales. Leopardi, el pintor Pirandello o San Francisco de As\u00eds, fueron algunos de los personajes que se beneficiaron de las propiedades curativas de sus aguas. Hay muchos manantiales en la zona, uno de los m\u00e1s famosos, es el manantial \u201cAngelica\u201d, que da nombre a la marca de agua mineral.<\/span><\/p>\n<p class=\"p1\"><span class=\"s1\">Adem\u00e1s de sus aguas, tiene numerosas propiedades terap\u00e9uticas su tierra \u201cterra di nocera\u201d, arcillosa, blanca y alcalina. Sus propiedades medicinales y cosm\u00e9ticas son conocidas desde el siglo VI a.c.<\/span><\/p>\n<p class=\"p1\"><span class=\"s1\">El centro hist\u00f3rico de Nocera es un peque\u00f1o museo al aire libre y, se pueden visitar la Pinacoteca Municipal y el Museo Arqueol\u00f3gico.<\/span><\/p>\n<p class=\"p1\"><span class=\"s1\">El itinerario m\u00e1s atrayente es el que recorre sus 15 castillos y las diferentes torres de avistamiento, vestigios de los romanos, de los lombardos y de la \u00e9poca medieval. De algunos de sus castillos quedan s\u00f3lo las ruinas pero vale la pena visitar cada uno de ellos, ya que es, sobretodo, en las torres abandonadas donde se prueban las emociones m\u00e1s intensas.<\/span><\/p>\n<p class=\"p1\"><span class=\"s2\"><a href=\"http:\/\/www.comune.noceraumbra.pg.it\/\">http:\/\/www.comune.noceraumbra.pg.it\/<\/a><\/span><\/p>\n<p>[\/et_pb_text][\/et_pb_column][et_pb_column type=\u00bb1_2&#8243; specialty_columns=\u00bb2&#8243;][et_pb_row_inner][et_pb_column_inner type=\u00bb1_2&#8243;][et_pb_image admin_label=\u00bbImagen\u00bb src=\u00bbhttps:\/\/www.albadei2soli-bnb.com\/es\/wp-content\/uploads\/sites\/2\/2015\/05\/2-1.jpg\u00bb show_in_lightbox=\u00bboff\u00bb url_new_window=\u00bboff\u00bb animation=\u00bboff\u00bb sticky=\u00bboff\u00bb \/][et_pb_image admin_label=\u00bbImagen\u00bb src=\u00bbhttps:\/\/www.albadei2soli-bnb.com\/es\/wp-content\/uploads\/sites\/2\/2015\/05\/sorgente.jpg\u00bb show_in_lightbox=\u00bboff\u00bb url_new_window=\u00bboff\u00bb animation=\u00bboff\u00bb sticky=\u00bboff\u00bb \/][\/et_pb_column_inner][et_pb_column_inner type=\u00bb1_2&#8243;][et_pb_image admin_label=\u00bbImagen\u00bb src=\u00bbhttps:\/\/www.albadei2soli-bnb.com\/es\/wp-content\/uploads\/sites\/2\/2015\/05\/51-1.jpg\u00bb show_in_lightbox=\u00bboff\u00bb url_new_window=\u00bboff\u00bb animation=\u00bboff\u00bb sticky=\u00bboff\u00bb \/][et_pb_image admin_label=\u00bbImagen\u00bb src=\u00bbhttps:\/\/www.albadei2soli-bnb.com\/es\/wp-content\/uploads\/sites\/2\/2015\/05\/SALMAREGGIA.jpg\u00bb show_in_lightbox=\u00bboff\u00bb url_new_window=\u00bboff\u00bb animation=\u00bboff\u00bb sticky=\u00bboff\u00bb \/][\/et_pb_column_inner][\/et_pb_row_inner][\/et_pb_column][\/et_pb_section]<\/p>\n","protected":false},"excerpt":{"rendered":"<p>[et_pb_section fullwidth=\u00bboff\u00bb specialty=\u00bbon\u00bb][et_pb_column type=\u00bb1_2&#8243;][et_pb_text admin_label=\u00bbText\u00bb background_layout=\u00bblight\u00bb text_orientation=\u00bbleft\u00bb] Nocera: Agua, Tierra y Castillos Nuestro B&amp;B se encuentra en el municipio de Nocera Umbra. Nocera es un agradable pueblo medieval lleno de historia y situado a los pies de la cadena monta\u00f1osa de los Apeninos (Umbr\u00eda-Las Marcas) y cerca de la Via Flaminia. Hay dos elementos que [&hellip;]<\/p>\n","protected":false},"author":1,"featured_media":0,"parent":0,"menu_order":0,"comment_status":"open","ping_status":"open","template":"","meta":{"jetpack_post_was_ever_published":false,"footnotes":""},"class_list":["post-597","page","type-page","status-publish","hentry"],"jetpack_sharing_enabled":true,"jetpack_shortlink":"https:\/\/wp.me\/P6jfyR-9D","jetpack-related-posts":[],"_links":{"self":[{"href":"https:\/\/www.albadei2soli-bnb.com\/es\/wp-json\/wp\/v2\/pages\/597","targetHints":{"allow":["GET"]}}],"collection":[{"href":"https:\/\/www.albadei2soli-bnb.com\/es\/wp-json\/wp\/v2\/pages"}],"about":[{"href":"https:\/\/www.albadei2soli-bnb.com\/es\/wp-json\/wp\/v2\/types\/page"}],"author":[{"embeddable":true,"href":"https:\/\/www.albadei2soli-bnb.com\/es\/wp-json\/wp\/v2\/users\/1"}],"replies":[{"embeddable":true,"href":"https:\/\/www.albadei2soli-bnb.com\/es\/wp-json\/wp\/v2\/comments?post=597"}],"version-history":[{"count":3,"href":"https:\/\/www.albadei2soli-bnb.com\/es\/wp-json\/wp\/v2\/pages\/597\/revisions"}],"predecessor-version":[{"id":760,"href":"https:\/\/www.albadei2soli-bnb.com\/es\/wp-json\/wp\/v2\/pages\/597\/revisions\/760"}],"wp:attachment":[{"href":"https:\/\/www.albadei2soli-bnb.com\/es\/wp-json\/wp\/v2\/media?parent=597"}],"curies":[{"name":"wp","href":"https:\/\/api.w.org\/{rel}","templated":true}]}}