{"id":595,"date":"2015-05-22T17:54:47","date_gmt":"2015-05-22T17:54:47","guid":{"rendered":"https:\/\/www.albadei2soli-bnb.com\/?page_id=318"},"modified":"2015-07-06T17:23:51","modified_gmt":"2015-07-06T17:23:51","slug":"naturaleza-deporte","status":"publish","type":"page","link":"https:\/\/www.albadei2soli-bnb.com\/es\/naturaleza-deporte\/","title":{"rendered":"Naturaleza y Deporte"},"content":{"rendered":"<p>[et_pb_section][et_pb_row][et_pb_column type=\u00bb2_3&#8243;][et_pb_text admin_label=\u00bbTexto\u00bb background_layout=\u00bblight\u00bb text_orientation=\u00bbleft\u00bb]<\/p>\n<p class=\"p1\"><span class=\"s1\"><span style=\"text-decoration: underline;\"><strong>Mountain bike y ciclismo:<\/strong><\/span> La zona ofrece infinitas posibilidades a los amantes de la bicicleta en cada una de sus formas, para los expertos y tambi\u00e9n para los principiantes o para quien, simplemente, quiere dar un paseo el domingo. Itinerarios para los fan\u00e1ticos de mountain bike y senderos para las bicicletas de paseo tienen un gran atractivo, regalan el contacto directo con la naturaleza y con los tesoros paisaj\u00edsticos de Umbr\u00eda y de Las Marcas. Sendas blancas, prados, senderos en el bosque, escalada, llanuras\u2026 \u00a1 Tendr\u00e9is donde elegir!. Es una tradici\u00f3n de la zona la competici\u00f3n de los principiantes que tiene lugar durante el Festival de la Patata Roja en agosto y es, as\u00ed mismo, un cl\u00e1sico el paso de la carrera \u201cGran fondo della pace\u201d. Es posible alquilar bicis en nuestra estructura, para adultos y para ni\u00f1os.<\/span><\/p>\n<p>&nbsp;<\/p>\n<p>[\/et_pb_text][\/et_pb_column][et_pb_column type=\u00bb1_3&#8243;][et_pb_image admin_label=\u00bbImagen\u00bb src=\u00bbhttps:\/\/www.albadei2soli-bnb.com\/es\/wp-content\/uploads\/sites\/2\/2015\/05\/MOUNTAIN-BIKE.jpg\u00bb show_in_lightbox=\u00bboff\u00bb url_new_window=\u00bboff\u00bb animation=\u00bboff\u00bb sticky=\u00bboff\u00bb \/][\/et_pb_column][\/et_pb_row][et_pb_row][et_pb_column type=\u00bb2_3&#8243;][et_pb_text admin_label=\u00bbTexto\u00bb background_layout=\u00bblight\u00bb text_orientation=\u00bbleft\u00bb]<\/p>\n<p><span style=\"text-decoration: underline;\"><strong>Piscina y spa:<\/strong><\/span> En nuestra estructura tenemos piscina para ni\u00f1os y estamos en contacto con una piscina y un spa a pocos km de distancia. estaremos encantados de daros toda la informaci\u00f3n necesaria.<\/p>\n<p>&nbsp;<\/p>\n<p>&nbsp;<\/p>\n<p>[\/et_pb_text][\/et_pb_column][et_pb_column type=\u00bb1_3&#8243;][et_pb_image admin_label=\u00bbImagen\u00bb src=\u00bbhttps:\/\/www.albadei2soli-bnb.com\/es\/wp-content\/uploads\/sites\/2\/2015\/05\/spaimagen.jpg\u00bb show_in_lightbox=\u00bboff\u00bb url_new_window=\u00bboff\u00bb animation=\u00bboff\u00bb sticky=\u00bboff\u00bb \/][\/et_pb_column][\/et_pb_row][et_pb_row][et_pb_column type=\u00bb2_3&#8243;][et_pb_text admin_label=\u00bbTexto\u00bb background_layout=\u00bblight\u00bb text_orientation=\u00bbleft\u00bb]<\/p>\n<p class=\"p1\"><span class=\"s1\"><span style=\"text-decoration: underline;\"><strong>Quad:<\/strong><\/span> Las excursiones en quad son una de las diversiones de la zona; su versatilidad unida a la comodidad de poder ir en dos personas, hacen de \u00e9l un medio ideal para cualquier terreno, adem\u00e1s no se necesitan habilidades especiales de conducci\u00f3n. Estaremos a vuestra disposici\u00f3n para daros informaci\u00f3n sobre el alquiler de quad en la zona.<\/span><\/p>\n<p>[\/et_pb_text][\/et_pb_column][et_pb_column type=\u00bb1_3&#8243;][et_pb_image admin_label=\u00bbImagen\u00bb src=\u00bbhttps:\/\/www.albadei2soli-bnb.com\/es\/wp-content\/uploads\/sites\/2\/2015\/05\/quad-si.jpg\u00bb show_in_lightbox=\u00bboff\u00bb url_new_window=\u00bboff\u00bb animation=\u00bboff\u00bb sticky=\u00bboff\u00bb \/][\/et_pb_column][\/et_pb_row][et_pb_row][et_pb_column type=\u00bb2_3&#8243;][et_pb_text admin_label=\u00bbTexto\u00bb background_layout=\u00bblight\u00bb text_orientation=\u00bbleft\u00bb]<\/p>\n<p class=\"p1\"><span class=\"s1\"><span style=\"text-decoration: underline;\"><strong>Parapente y paramotor:<\/strong> <\/span>Las mesetas de Umbria y de Las Marcas son uno de los mejores lugares del centro de Italia para los amantes de estos deportes o para quien quiera provarlo por primera vez. Hay diferentes zonas desde donde lanzarse en la zona.<\/span><\/p>\n<p class=\"p4\"><span class=\"s1\"><b>\u00a0 \u00a0 \u00a0 \u00a0 \u00a0Zona de\u00a0Colfiorito:<\/b><\/span><\/p>\n<p class=\"p5\"><span class=\"s1\">\u00a0 \u00a0 \u00a0 \u00a0 \u00a0Decollo di Macchialunga \u00a0 \u00a0 \u00a0S-SW-W-NW \u00a0 disl 600<\/span><\/p>\n<p class=\"p5\"><span class=\"s1\">\u00a0 \u00a0 \u00a0 \u00a0 \u00a0Decollo di Monte Pennino \u00a0 S-SW-W-NW \u00a0 disl 700<\/span><\/p>\n<p class=\"p5\"><span class=\"s1\">\u00a0 \u00a0 \u00a0 \u00a0 \u00a0Decollo di Monte Lago \u00a0 \u00a0 \u00a0 \u00a0 \u00a0SE-E-NE-N \u00a0 \u00a0 \u00a0 disl 750<\/span><\/p>\n<p class=\"p5\"><span class=\"s1\">\u00a0 \u00a0 \u00a0 \u00a0 \u00a0Decollo di Cesi \u00a0 \u00a0 \u00a0 \u00a0 \u00a0 \u00a0 \u00a0 \u00a0 \u00a0 \u00a0 \u00a0 \u00a0SW \u00a0 \u00a0 \u00a0 \u00a0 \u00a0 \u00a0 \u00a0 \u00a0 \u00a0 \u00a0disl 250<\/span><\/p>\n<p class=\"p5\"><span class=\"s1\">\u00a0 \u00a0 \u00a0 \u00a0 \u00a0Decollo di Annifo \u00a0 \u00a0 \u00a0 \u00a0 \u00a0 \u00a0 \u00a0 \u00a0 \u00a0 \u00a0E \u00a0 \u00a0 \u00a0 \u00a0 \u00a0 \u00a0 \u00a0 \u00a0 \u00a0 \u00a0 \u00a0 disl 300<\/span><\/p>\n<p class=\"p5\"><span class=\"s1\">\u00a0 \u00a0 \u00a0 \u00a0 \u00a0Decollo delle Muratelle \u00a0 \u00a0 \u00a0 \u00a0 E \u00a0 \u00a0 \u00a0 \u00a0 \u00a0 \u00a0 \u00a0 \u00a0 \u00a0 \u00a0 \u00a0 disl 250<\/span><\/p>\n<p class=\"p5\"><span class=\"s1\">\u00a0 \u00a0 \u00a0 \u00a0 \u00a0Decollo di Tolagna \u00a0 \u00a0 \u00a0 \u00a0 \u00a0 \u00a0 \u00a0 \u00a0 N -NW \u00a0 \u00a0 \u00a0 \u00a0 \u00a0 \u00a0 \u00a0disl 600<\/span><\/p>\n<p class=\"p5\"><span class=\"s1\">Nuestra estructura est\u00e1 en contacto con la organizaci\u00f3n que se ocupa del vuelo en la zona.<br \/>\n<\/span><span class=\"s1\">\u00a0<a href=\"http:\/\/www.scuoladiparapendio.info\/\">http:\/\/www.scuoladiparapendio.info\/<\/a>; <a href=\"http:\/\/www.parapendioemozioni.it\/\">http:\/\/www.parapendioemozioni.it\/<\/a><\/span><\/p>\n<p>[\/et_pb_text][\/et_pb_column][et_pb_column type=\u00bb1_3&#8243;][et_pb_image admin_label=\u00bbImagen\u00bb src=\u00bbhttps:\/\/www.albadei2soli-bnb.com\/es\/wp-content\/uploads\/sites\/2\/2015\/05\/Parapendio1.jpg\u00bb show_in_lightbox=\u00bboff\u00bb url_new_window=\u00bboff\u00bb animation=\u00bboff\u00bb sticky=\u00bboff\u00bb \/][\/et_pb_column][\/et_pb_row][et_pb_row][et_pb_column type=\u00bb2_3&#8243;][et_pb_text admin_label=\u00bbTexto\u00bb background_layout=\u00bblight\u00bb text_orientation=\u00bbleft\u00bb]<\/p>\n<p><strong><span class=\"s1\"><span style=\"text-decoration: underline;\">Nordic walking:\u00a0<\/span><\/span><\/strong><span class=\"s1\">consiste en caminar (incluso correr, saltar o hacer ejercicios) con bastones especialmente desarrollados para esta actividad y es un modo f\u00e1cil, natural y eficaz para mejorar la condici\u00f3n f\u00edsica y para tonificar la musculatura del cuerpo, sin limites de edad, sexo o de preparaci\u00f3n f\u00edsica. El Nordic Walking puede considerarse una de las actividades f\u00edsicas m\u00e1s completas, ya que implica el movimiento del 90% de nuestra musculatura y, es ideal para las personas que no practican deporte habitualmente o para las que est\u00e1n poco entrenadas.<\/span><\/p>\n<p class=\"p1\"><span class=\"s1\">Las mesetas de Umbria &#8211; Las Marcas son el lugar perfecto para practicar esta actividad, por su morfolog\u00eda y por la diversidad de paisajes que en ellas encontramos. En verano se organizan eventos de Nordic Walking en grupo.<\/span><\/p>\n<p class=\"p1\"><span class=\"s1\">Si es la primera vez que os acerc\u00e1is a este deporte, pod\u00e9is alquilar todo lo necesario para practicarlo en nuestra estructura.<\/span><\/p>\n<p>[\/et_pb_text][\/et_pb_column][et_pb_column type=\u00bb1_3&#8243;][et_pb_image admin_label=\u00bbImagen\u00bb src=\u00bbhttps:\/\/www.albadei2soli-bnb.com\/es\/wp-content\/uploads\/sites\/2\/2015\/05\/nordicwalking.jpg\u00bb show_in_lightbox=\u00bboff\u00bb url_new_window=\u00bboff\u00bb animation=\u00bboff\u00bb sticky=\u00bboff\u00bb \/][\/et_pb_column][\/et_pb_row][et_pb_row][et_pb_column type=\u00bb2_3&#8243;][et_pb_text admin_label=\u00bbTexto\u00bb background_layout=\u00bblight\u00bb text_orientation=\u00bbleft\u00bb]<\/p>\n<p><span class=\"s1\"><span style=\"text-decoration: underline;\"><strong>Trekking:\u00a0<\/strong><\/span><\/span><span class=\"s1\">La zona es ideal para los apasionados de trekking. Hay numerosos lugares aptos para practicar arqueotrekking y es fascinante la Observaci\u00f3n\u00a0de Aves\u00a0en el parque Natural de Colfiorito. Para los recorridos organizados, las estructuras de referencia son el grupo F.I.E Arci Bagnara y el Parco di Colfiorito. El B&amp;B tiene una posici\u00f3n estrat\u00e9gica para explorar nuevos senderos en el municipio de Nocera Umbra y en el Parque de Colfiorito (Municipio de Foligno), as\u00ed como en la zona de Serravalle di Chienti (MC). Estaremos encantados de daros m\u00e1s informaci\u00f3n al respecto.<\/span><\/p>\n<p class=\"p3\"><span class=\"s1\">\u00a0<a href=\"http:\/\/www.nocerainumbria.it\/elenco.aspx?c=15&amp;sc=17\">http:\/\/www.nocerainumbria.it\/elenco.aspx?c=15&amp;sc=17<\/a> <a href=\"http:\/\/www.parks.it\/parco.colfiorito\/iti.php\">http:\/\/www.parks.it\/parco.colfiorito\/iti.php<\/a><\/span><\/p>\n<p>&nbsp;<\/p>\n<p>[\/et_pb_text][\/et_pb_column][et_pb_column type=\u00bb1_3&#8243;][et_pb_image admin_label=\u00bbImagen\u00bb src=\u00bbhttps:\/\/www.albadei2soli-bnb.com\/es\/wp-content\/uploads\/sites\/2\/2015\/05\/trekking1.jpeg\u00bb show_in_lightbox=\u00bboff\u00bb url_new_window=\u00bboff\u00bb animation=\u00bboff\u00bb sticky=\u00bboff\u00bb \/][\/et_pb_column][\/et_pb_row][et_pb_row][et_pb_column type=\u00bb2_3&#8243;][et_pb_text admin_label=\u00bbTexto\u00bb background_layout=\u00bblight\u00bb text_orientation=\u00bbleft\u00bb]<\/p>\n<p><span class=\"s1\"><span style=\"text-decoration: underline;\"><strong>Moto cross:\u00a0<\/strong><\/span><\/span><span class=\"s1\">Hay dos circuitos, uno en la zona de Colfiorito y otro en\u00a0Gualdo Tadino para los aficionados de este deporte. Montes y valles de la zona sirven de circuito para los fan\u00e1ticos de esta disciplina.<\/span><\/p>\n<p>[\/et_pb_text][\/et_pb_column][et_pb_column type=\u00bb1_3&#8243;][et_pb_image admin_label=\u00bbImagen\u00bb src=\u00bbhttps:\/\/www.albadei2soli-bnb.com\/es\/wp-content\/uploads\/sites\/2\/2015\/05\/motocross2.jpg\u00bb show_in_lightbox=\u00bboff\u00bb url_new_window=\u00bboff\u00bb animation=\u00bboff\u00bb sticky=\u00bboff\u00bb \/][\/et_pb_column][\/et_pb_row][et_pb_row][et_pb_column type=\u00bb2_3&#8243;][et_pb_text admin_label=\u00bbTexto\u00bb background_layout=\u00bblight\u00bb text_orientation=\u00bbleft\u00bb]<\/p>\n<p class=\"p1\"><span class=\"s1\"><span style=\"text-decoration: underline;\"><strong>Footing:\u00a0<\/strong><\/span><\/span><span class=\"s1\">Hay numerosos sitios id\u00f3neos para correr y practicar footing. Hay dos competiciones famosas en la zona, inscritas al circuito de Umbria: \u201cil giro dell\u2019altopiano\u201d en\u00a0Taverne (Serravalle di Chienti) en julio y \u201cil giro della montagna\u201d en Annifo en agosto. El clima es ideal ya que, incluso en pleno verano, las ma\u00f1anas y las tardes son siempre frescas y agradables.<\/span><\/p>\n<p>[\/et_pb_text][\/et_pb_column][et_pb_column type=\u00bb1_3&#8243;][et_pb_image admin_label=\u00bbImagen\u00bb show_in_lightbox=\u00bboff\u00bb url_new_window=\u00bboff\u00bb animation=\u00bboff\u00bb sticky=\u00bboff\u00bb src=\u00bbhttps:\/\/www.albadei2soli-bnb.com\/es\/wp-content\/uploads\/sites\/2\/2015\/05\/image-05-06-15-11-30.jpeg\u00bb \/][\/et_pb_column][\/et_pb_row][et_pb_row][et_pb_column type=\u00bb2_3&#8243;][et_pb_text admin_label=\u00bbTexto\u00bb background_layout=\u00bblight\u00bb text_orientation=\u00bbleft\u00bb]<\/p>\n<p><span class=\"s1\"><span style=\"text-decoration: underline;\"><strong>Esqu\u00ed sobre hierba:<\/strong><\/span><span class=\"Apple-converted-space\">\u00a0\u00a0<\/span><\/span><span class=\"s1\">En este territorio espl\u00e9ndido es posible practicar el esqu\u00ed sobre hierba. \u00a1S\u00ed! Hab\u00e9is entendido bien: \u00a1Esqu\u00ed todo el a\u00f1o!<br \/>\n<\/span><span class=\"s1\">Hay dos pistas: en el Monte Alago y en la localidad de Afrile.<\/span><\/p>\n<p><a href=\"http:\/\/skiderba.it\/gesnew-sche.asp?GesNewID=2280&amp;ln=1\">http:\/\/skiderba.it\/gesnew-sche.asp?GesNewID=2280&amp;ln=1<\/a><\/p>\n<p>[\/et_pb_text][\/et_pb_column][et_pb_column type=\u00bb1_3&#8243;][et_pb_image admin_label=\u00bbImagen\u00bb show_in_lightbox=\u00bboff\u00bb url_new_window=\u00bboff\u00bb animation=\u00bboff\u00bb sticky=\u00bboff\u00bb src=\u00bbhttps:\/\/www.albadei2soli-bnb.com\/es\/wp-content\/uploads\/sites\/2\/2015\/05\/sci-derba2.jpg\u00bb \/][\/et_pb_column][\/et_pb_row][et_pb_row][et_pb_column type=\u00bb2_3&#8243;][et_pb_text admin_label=\u00bbTexto\u00bb background_layout=\u00bblight\u00bb text_orientation=\u00bbleft\u00bb]<\/p>\n<p class=\"p1\"><span class=\"s1\"><span style=\"text-decoration: underline;\"><strong>Paseos con raquetas de nieve:<\/strong> <\/span>En invierno son frecuentes los recorridos organizados con raquetas de nieve para subir a Monte Pennino o en llanura en las mesetas. En un d\u00eda soleado, llegar a la cumbre de Monte Pennino y observar el paisaje nevado, no tiene precio.<\/span><\/p>\n<p>[\/et_pb_text][\/et_pb_column][et_pb_column type=\u00bb1_3&#8243;][et_pb_image admin_label=\u00bbImagen\u00bb show_in_lightbox=\u00bboff\u00bb url_new_window=\u00bboff\u00bb animation=\u00bboff\u00bb sticky=\u00bboff\u00bb src=\u00bbhttps:\/\/www.albadei2soli-bnb.com\/es\/wp-content\/uploads\/sites\/2\/2015\/05\/ciaspolata.jpg\u00bb \/][\/et_pb_column][\/et_pb_row][et_pb_row][et_pb_column type=\u00bb2_3&#8243;][et_pb_text admin_label=\u00bbTexto\u00bb background_layout=\u00bblight\u00bb text_orientation=\u00bbleft\u00bb]<\/p>\n<p class=\"p1\"><span class=\"s1\"><span style=\"text-decoration: underline;\"><strong>Equitaci\u00f3n:<\/strong><\/span> En toda la zona es posible realizar excursiones a caballo. Cabalgar en el bosque o en los prados, rodeados por la frondosa vegetaci\u00f3n, lejos de la poluci\u00f3n de la ciudad, es un placer al que no se puede renunciar. Estaremos a vuestra disposici\u00f3n para daros m\u00e1s informaci\u00f3n sobre esta actividad.<\/span><\/p>\n<p>[\/et_pb_text][\/et_pb_column][et_pb_column type=\u00bb1_3&#8243;][et_pb_image admin_label=\u00bbImagen\u00bb show_in_lightbox=\u00bboff\u00bb url_new_window=\u00bboff\u00bb animation=\u00bboff\u00bb sticky=\u00bboff\u00bb src=\u00bbhttps:\/\/www.albadei2soli-bnb.com\/es\/wp-content\/uploads\/sites\/2\/2015\/05\/EQUITAZIONE.jpg\u00bb \/][\/et_pb_column][\/et_pb_row][et_pb_row][et_pb_column type=\u00bb2_3&#8243;][et_pb_text admin_label=\u00bbTexto\u00bb background_layout=\u00bblight\u00bb text_orientation=\u00bbleft\u00bb]<\/p>\n<p class=\"p1\"><span class=\"s1\"><span style=\"text-decoration: underline;\"><strong>Escalada en roca:<\/strong> <\/span>Desde nuestro B&amp;B podr\u00e9is llegar en poco tiempo hasta la pared rocosa de Gelagna Alta (23 km) en Las Marcas, hasta la pared rocosa de Pale en Umbria (25 km) o hasta la de Pioraco en Las Marcas (27 km). Podreis pasar unos d\u00edas practicando escalada, rodeados de naturaleza y una exquisita gastronom\u00eda.<\/span><\/p>\n<p>[\/et_pb_text][\/et_pb_column][et_pb_column type=\u00bb1_3&#8243;][et_pb_image admin_label=\u00bbImagen\u00bb show_in_lightbox=\u00bboff\u00bb url_new_window=\u00bboff\u00bb animation=\u00bboff\u00bb sticky=\u00bboff\u00bb src=\u00bbhttps:\/\/www.albadei2soli-bnb.com\/es\/wp-content\/uploads\/sites\/2\/2015\/05\/arrampicata.1.jpg\u00bb \/][\/et_pb_column][\/et_pb_row][et_pb_row][et_pb_column type=\u00bb2_3&#8243;][et_pb_text admin_label=\u00bbTexto\u00bb background_layout=\u00bblight\u00bb text_orientation=\u00bbleft\u00bb]<\/p>\n<p class=\"p1\"><span class=\"s1\"><span style=\"text-decoration: underline;\"><strong>Adiestramento de perros:<\/strong><\/span> En la meseta de Colfiorito, existe un amplia llanura en la que se llevan a cabo\u00a0competiciones de perros y se adiestran perros de caza durante todo el a\u00f1o.<\/span><\/p>\n<p>[\/et_pb_text][\/et_pb_column][et_pb_column type=\u00bb1_3&#8243;][et_pb_image admin_label=\u00bbImagen\u00bb show_in_lightbox=\u00bboff\u00bb url_new_window=\u00bboff\u00bb animation=\u00bboff\u00bb sticky=\u00bboff\u00bb src=\u00bbhttps:\/\/www.albadei2soli-bnb.com\/es\/wp-content\/uploads\/sites\/2\/2015\/05\/addestramento-cani1.jpg\u00bb \/][\/et_pb_column][\/et_pb_row][et_pb_row][et_pb_column type=\u00bb2_3&#8243;][et_pb_text admin_label=\u00bbTexto\u00bb background_layout=\u00bblight\u00bb text_orientation=\u00bbleft\u00bb]<\/p>\n<p class=\"p1\"><span class=\"s1\"><span style=\"text-decoration: underline;\"><strong>Pesca (fagiolaro):<\/strong> <\/span>En la laguna de Colfiorito, en una peque\u00f1a parte, denominada \u201cfagiolaro\u201d se puede practicar pesca con mosca. Los amantes de esta disciplina podr\u00e1n practicarla rodeados por una naturaleza \u00fanica.<\/span><\/p>\n<p>&nbsp;<\/p>\n<p>[\/et_pb_text][\/et_pb_column][et_pb_column type=\u00bb1_3&#8243;][et_pb_image admin_label=\u00bbImagen\u00bb show_in_lightbox=\u00bboff\u00bb url_new_window=\u00bboff\u00bb animation=\u00bboff\u00bb sticky=\u00bboff\u00bb src=\u00bbhttps:\/\/www.albadei2soli-bnb.com\/es\/wp-content\/uploads\/sites\/2\/2015\/05\/pesca1.jpg\u00bb \/][\/et_pb_column][\/et_pb_row][et_pb_row][et_pb_column type=\u00bb2_3&#8243;][et_pb_text admin_label=\u00bbTexto\u00bb background_layout=\u00bblight\u00bb text_orientation=\u00bbleft\u00bb]<\/p>\n<p class=\"p1\"><span class=\"s1\"><span style=\"text-decoration: underline;\"><strong>Rafting:<\/strong><\/span> La regi\u00f3n de Umbria es famosa por sus numerosos torrentes, id\u00f3neos para practicar rafting y recorrerlos en canoa. Estaremos encantados de daros m\u00e1s informaci\u00f3n sobre los mejores lugares donde poder practicar estos deportes y los sitios que est\u00e1n todav\u00eda sin explorar.<\/span><\/p>\n<p>[\/et_pb_text][\/et_pb_column][et_pb_column type=\u00bb1_3&#8243;][et_pb_image admin_label=\u00bbImagen\u00bb show_in_lightbox=\u00bboff\u00bb url_new_window=\u00bboff\u00bb animation=\u00bboff\u00bb sticky=\u00bboff\u00bb src=\u00bbhttps:\/\/www.albadei2soli-bnb.com\/es\/wp-content\/uploads\/sites\/2\/2015\/05\/RAFTING.jpg\u00bb \/][\/et_pb_column][\/et_pb_row][\/et_pb_section]<\/p>\n","protected":false},"excerpt":{"rendered":"<p>[et_pb_section][et_pb_row][et_pb_column type=\u00bb2_3&#8243;][et_pb_text admin_label=\u00bbTexto\u00bb background_layout=\u00bblight\u00bb text_orientation=\u00bbleft\u00bb] Mountain bike y ciclismo: La zona ofrece infinitas posibilidades a los amantes de la bicicleta en cada una de sus formas, para los expertos y tambi\u00e9n para los principiantes o para quien, simplemente, quiere dar un paseo el domingo. Itinerarios para los fan\u00e1ticos de mountain bike y senderos para las [&hellip;]<\/p>\n","protected":false},"author":1,"featured_media":0,"parent":0,"menu_order":0,"comment_status":"open","ping_status":"open","template":"","meta":{"jetpack_post_was_ever_published":false,"footnotes":""},"class_list":["post-595","page","type-page","status-publish","hentry"],"jetpack_sharing_enabled":true,"jetpack_shortlink":"https:\/\/wp.me\/P6jfyR-9B","jetpack-related-posts":[],"_links":{"self":[{"href":"https:\/\/www.albadei2soli-bnb.com\/es\/wp-json\/wp\/v2\/pages\/595","targetHints":{"allow":["GET"]}}],"collection":[{"href":"https:\/\/www.albadei2soli-bnb.com\/es\/wp-json\/wp\/v2\/pages"}],"about":[{"href":"https:\/\/www.albadei2soli-bnb.com\/es\/wp-json\/wp\/v2\/types\/page"}],"author":[{"embeddable":true,"href":"https:\/\/www.albadei2soli-bnb.com\/es\/wp-json\/wp\/v2\/users\/1"}],"replies":[{"embeddable":true,"href":"https:\/\/www.albadei2soli-bnb.com\/es\/wp-json\/wp\/v2\/comments?post=595"}],"version-history":[{"count":5,"href":"https:\/\/www.albadei2soli-bnb.com\/es\/wp-json\/wp\/v2\/pages\/595\/revisions"}],"predecessor-version":[{"id":789,"href":"https:\/\/www.albadei2soli-bnb.com\/es\/wp-json\/wp\/v2\/pages\/595\/revisions\/789"}],"wp:attachment":[{"href":"https:\/\/www.albadei2soli-bnb.com\/es\/wp-json\/wp\/v2\/media?parent=595"}],"curies":[{"name":"wp","href":"https:\/\/api.w.org\/{rel}","templated":true}]}}