{"id":593,"date":"2015-05-22T17:49:12","date_gmt":"2015-05-22T17:49:12","guid":{"rendered":"https:\/\/www.albadei2soli-bnb.com\/?page_id=316"},"modified":"2015-06-08T18:53:04","modified_gmt":"2015-06-08T18:53:04","slug":"oasis-colfiorito","status":"publish","type":"page","link":"https:\/\/www.albadei2soli-bnb.com\/es\/oasis-colfiorito\/","title":{"rendered":"Oasis natural de Colfiorito"},"content":{"rendered":"<p>[et_pb_section fullwidth=\u00bboff\u00bb specialty=\u00bbon\u00bb][et_pb_column type=\u00bb1_2&#8243;][et_pb_text admin_label=\u00bbTexto\u00bb background_layout=\u00bblight\u00bb text_orientation=\u00bbleft\u00bb]<\/p>\n<h2 class=\"p1\"><span class=\"s1\">Oasis natural de Colfiorito<\/span><\/h2>\n<p class=\"p1\"><span class=\"s1\">En el municipio de Foligno, a 750 m s. n. m. y a menos de 10 km de nuestro B&amp;B, se extiende una amplia \u00e1rea protegida a nivel internacional por la importancia de su posici\u00f3n y por el inmenso valor de la avi-fauna y de las especies vegetales que crecen en ella, se trata del \u201cParco di Colfiorito\u201d.<\/span><\/p>\n<p class=\"p1\"><span class=\"s1\">El parque ocupa una superficie de 338 hect\u00e1reas y est\u00e1 situado en la meseta de Colfiorito. De la superficie total, unas 100 hect\u00e1reas las ocupa la laguna de Colfiorito, definida en Natura 2000 como \u201cuno de los mejores ejemplos de humedal de Italia central y uno de los pocos en buen estado de conservaci\u00f3n de las cuencas k\u00e1rstico-tect\u00f3nicas apeninicas\u201d.<\/span><\/p>\n<p class=\"p1\"><span class=\"s1\">Natura 2000 es el principal instrumento de la pol\u00edtica de la Uni\u00f3n Europea para salvaguardar la biodiversidad; fue instituida a partir del summit de la tierra de R\u00edo de Janeiro del 1992 y se basa en la creaci\u00f3n de una red de <strong>Lugares de Importancia Comunitaria (LIC)<\/strong>, o lo que es lo mismo, lugares de gran valor natural a nivel internacional, en virtud de ejemplares de flora y fauna que contribuyen de manera excepcional al mantenimiento de la biodiversidad de la regi\u00f3n en la que se encuentran.<\/span><\/p>\n<p class=\"p1\"><span class=\"s1\">El Parque de Colfiorito es uno de esos lugares y es el sitio ideal en el que dedicarse a actividades al aire libre y en contacto con la naturaleza como trekking, nordik walking, excursiones a pie y a caballo, excursiones en quad o en moto, recorridos en mountain bike y observaci\u00f3n de aves. <\/span><\/p>\n<p class=\"p1\"><span class=\"s2\"><a href=\"http:\/\/www.parks.it\/parco.colfiorito\/\">http:\/\/www.parks.it\/parco.colfiorito\/<\/a><\/span><\/p>\n<p>[\/et_pb_text][\/et_pb_column][et_pb_column type=\u00bb1_2&#8243; specialty_columns=\u00bb2&#8243;][et_pb_row_inner][et_pb_column_inner type=\u00bb1_2&#8243;][et_pb_image admin_label=\u00bbImagen\u00bb src=\u00bbhttps:\/\/www.albadei2soli-bnb.com\/es\/wp-content\/uploads\/sites\/2\/2015\/05\/2.jpg\u00bb show_in_lightbox=\u00bboff\u00bb url_new_window=\u00bboff\u00bb animation=\u00bboff\u00bb sticky=\u00bboff\u00bb \/][et_pb_image admin_label=\u00bbImagen\u00bb src=\u00bbhttps:\/\/www.albadei2soli-bnb.com\/es\/wp-content\/uploads\/sites\/2\/2015\/05\/51.jpg\u00bb show_in_lightbox=\u00bboff\u00bb url_new_window=\u00bboff\u00bb animation=\u00bboff\u00bb sticky=\u00bboff\u00bb \/][et_pb_image admin_label=\u00bbImagen\u00bb src=\u00bbhttps:\/\/www.albadei2soli-bnb.com\/es\/wp-content\/uploads\/sites\/2\/2015\/05\/61.gif\u00bb show_in_lightbox=\u00bboff\u00bb url_new_window=\u00bboff\u00bb animation=\u00bboff\u00bb sticky=\u00bboff\u00bb \/][\/et_pb_column_inner][et_pb_column_inner type=\u00bb1_2&#8243;][et_pb_image admin_label=\u00bbImagen\u00bb src=\u00bbhttps:\/\/www.albadei2soli-bnb.com\/es\/wp-content\/uploads\/sites\/2\/2015\/05\/31.jpg\u00bb show_in_lightbox=\u00bboff\u00bb url_new_window=\u00bboff\u00bb animation=\u00bboff\u00bb sticky=\u00bboff\u00bb \/][et_pb_image admin_label=\u00bbImagen\u00bb src=\u00bbhttps:\/\/www.albadei2soli-bnb.com\/es\/wp-content\/uploads\/sites\/2\/2015\/05\/41.jpg\u00bb show_in_lightbox=\u00bboff\u00bb url_new_window=\u00bboff\u00bb animation=\u00bboff\u00bb sticky=\u00bboff\u00bb \/][\/et_pb_column_inner][\/et_pb_row_inner][\/et_pb_column][\/et_pb_section]<\/p>\n","protected":false},"excerpt":{"rendered":"<p>[et_pb_section fullwidth=\u00bboff\u00bb specialty=\u00bbon\u00bb][et_pb_column type=\u00bb1_2&#8243;][et_pb_text admin_label=\u00bbTexto\u00bb background_layout=\u00bblight\u00bb text_orientation=\u00bbleft\u00bb] Oasis natural de Colfiorito En el municipio de Foligno, a 750 m s. n. m. y a menos de 10 km de nuestro B&amp;B, se extiende una amplia \u00e1rea protegida a nivel internacional por la importancia de su posici\u00f3n y por el inmenso valor de la avi-fauna y [&hellip;]<\/p>\n","protected":false},"author":1,"featured_media":0,"parent":0,"menu_order":0,"comment_status":"open","ping_status":"open","template":"","meta":{"jetpack_post_was_ever_published":false,"footnotes":""},"class_list":["post-593","page","type-page","status-publish","hentry"],"jetpack_sharing_enabled":true,"jetpack_shortlink":"https:\/\/wp.me\/P6jfyR-9z","jetpack-related-posts":[],"_links":{"self":[{"href":"https:\/\/www.albadei2soli-bnb.com\/es\/wp-json\/wp\/v2\/pages\/593","targetHints":{"allow":["GET"]}}],"collection":[{"href":"https:\/\/www.albadei2soli-bnb.com\/es\/wp-json\/wp\/v2\/pages"}],"about":[{"href":"https:\/\/www.albadei2soli-bnb.com\/es\/wp-json\/wp\/v2\/types\/page"}],"author":[{"embeddable":true,"href":"https:\/\/www.albadei2soli-bnb.com\/es\/wp-json\/wp\/v2\/users\/1"}],"replies":[{"embeddable":true,"href":"https:\/\/www.albadei2soli-bnb.com\/es\/wp-json\/wp\/v2\/comments?post=593"}],"version-history":[{"count":3,"href":"https:\/\/www.albadei2soli-bnb.com\/es\/wp-json\/wp\/v2\/pages\/593\/revisions"}],"predecessor-version":[{"id":762,"href":"https:\/\/www.albadei2soli-bnb.com\/es\/wp-json\/wp\/v2\/pages\/593\/revisions\/762"}],"wp:attachment":[{"href":"https:\/\/www.albadei2soli-bnb.com\/es\/wp-json\/wp\/v2\/media?parent=593"}],"curies":[{"name":"wp","href":"https:\/\/api.w.org\/{rel}","templated":true}]}}