{"id":592,"date":"2015-05-22T17:47:51","date_gmt":"2015-05-22T17:47:51","guid":{"rendered":"https:\/\/www.albadei2soli-bnb.com\/?page_id=314"},"modified":"2015-06-09T09:30:18","modified_gmt":"2015-06-09T09:30:18","slug":"montepennino","status":"publish","type":"page","link":"https:\/\/www.albadei2soli-bnb.com\/es\/montepennino\/","title":{"rendered":"El Alba de Monte Pennino"},"content":{"rendered":"<p>[et_pb_section fullwidth=\u00bboff\u00bb specialty=\u00bbon\u00bb][et_pb_column type=\u00bb1_2&#8243;][et_pb_text admin_label=\u00bbText\u00bb background_layout=\u00bblight\u00bb text_orientation=\u00bbleft\u00bb]<\/p>\n<h2 class=\"p1\"><span class=\"s1\">El alba de Monte Pennino<\/span><\/h2>\n<p class=\"p1\"><span class=\"s1\">Mi abuelo Rinaldo y su hermano Americo iban en verano a cortar el heno \u201ca mano\u201d hasta la cima de Monte Pennino y, a menudo, ten\u00edan que quedarse a dormir all\u00ed durante d\u00edas, ya que el viaje de regreso era largo y extenuante. Cuando terminaban el trabajo volv\u00edan a casa y le contaban a mi madre, que entonces era una ni\u00f1a, las maravillas de Monte Pennino, entre ellas un bell\u00edsimo amanecer que nac\u00eda en el mar y que ellos no lograban\u00a0explicarse.<\/span><\/p>\n<p class=\"p1\"><span class=\"s1\">El alba de Monte Pennino es algo dif\u00edcil de explicar\u2026 El mar Adri\u00e1tico que se empieza a divisar\u00a0en la lejan\u00eda en toda su vastedad, la oscuridad que, poco a poco, se transforma en claridad y, a lo lejos, se divisa el sol, un sol distinto, nunca antes visto, sin rayos, rojo y opaco. Es un sol que antes de subir por\u00a0el horizonte se refleja en la densidad del aire y del agua\u2026 El efecto dura unos ocho minutos y despu\u00e9s, la maravilla\u2026 Aparece el sol que conocemos, vestido con sus rayos y que consigue iluminar el mar, las mesetas de Umbr\u00eda y Las Marcas y todo lo que nos rodea.<\/span><\/p>\n<p class=\"p1\"><span class=\"s1\">Un escenario estupendo, un amanecer \u00fanico, una combinaci\u00f3n entre el efecto \u00f3ptico \u201cFata Morgana\u201d y un espejismo, entre el mar Adr\u00e1tico y la atm\u00f3sfera, entre la curvatura de la tierra y la perfercta curvatura de Monte Pennino.<\/span><\/p>\n<p class=\"p1\"><span class=\"s1\">Poder admirar en ese momento la vegetaci\u00f3n circundante es sumergirse en la magia de ritos antiguos; los celtas dieron a este monte el nombre del dios Penn y Claudiano, historiador romano, nos habla de altares en la cumbre del monte para hacer sacrificios a J\u00fapiter llamado\u2026 Pennino.<\/span><\/p>\n<p class=\"p1\"><span class=\"s1\">A la cima se puede llegar a pie, en mountain bike, en quad, en moto, a caballo o c\u00f3modamente en un coche 4\u00d74.<\/span><\/p>\n<p class=\"p1\"><span class=\"s1\">Es fascinante la primavera en esta zona con la floraci\u00f3n y la riqueza de colores que se observan en el paisaje.<\/span><\/p>\n<p>[\/et_pb_text][\/et_pb_column][et_pb_column type=\u00bb1_2&#8243; specialty_columns=\u00bb2&#8243;][et_pb_row_inner][et_pb_column_inner type=\u00bb4_4&#8243;][et_pb_image admin_label=\u00bbImagen\u00bb src=\u00bbhttps:\/\/www.albadei2soli-bnb.com\/es\/wp-content\/uploads\/sites\/2\/2015\/01\/IMG_0648-8.jpg\u00bb show_in_lightbox=\u00bboff\u00bb url_new_window=\u00bboff\u00bb animation=\u00bboff\u00bb sticky=\u00bboff\u00bb \/][et_pb_image admin_label=\u00bbImagen\u00bb src=\u00bbhttps:\/\/www.albadei2soli-bnb.com\/wp-content\/uploads\/2015\/01\/IMG_0396-4.jpg\u00bb show_in_lightbox=\u00bboff\u00bb url_new_window=\u00bboff\u00bb animation=\u00bboff\u00bb sticky=\u00bboff\u00bb \/][\/et_pb_column_inner][\/et_pb_row_inner][\/et_pb_column][\/et_pb_section]<\/p>\n","protected":false},"excerpt":{"rendered":"<p>[et_pb_section fullwidth=\u00bboff\u00bb specialty=\u00bbon\u00bb][et_pb_column type=\u00bb1_2&#8243;][et_pb_text admin_label=\u00bbText\u00bb background_layout=\u00bblight\u00bb text_orientation=\u00bbleft\u00bb] El alba de Monte Pennino Mi abuelo Rinaldo y su hermano Americo iban en verano a cortar el heno \u201ca mano\u201d hasta la cima de Monte Pennino y, a menudo, ten\u00edan que quedarse a dormir all\u00ed durante d\u00edas, ya que el viaje de regreso era largo y extenuante. [&hellip;]<\/p>\n","protected":false},"author":1,"featured_media":0,"parent":0,"menu_order":0,"comment_status":"open","ping_status":"closed","template":"","meta":{"jetpack_post_was_ever_published":false,"footnotes":""},"class_list":["post-592","page","type-page","status-publish","hentry"],"jetpack_sharing_enabled":true,"jetpack_shortlink":"https:\/\/wp.me\/P6jfyR-9y","jetpack-related-posts":[],"_links":{"self":[{"href":"https:\/\/www.albadei2soli-bnb.com\/es\/wp-json\/wp\/v2\/pages\/592","targetHints":{"allow":["GET"]}}],"collection":[{"href":"https:\/\/www.albadei2soli-bnb.com\/es\/wp-json\/wp\/v2\/pages"}],"about":[{"href":"https:\/\/www.albadei2soli-bnb.com\/es\/wp-json\/wp\/v2\/types\/page"}],"author":[{"embeddable":true,"href":"https:\/\/www.albadei2soli-bnb.com\/es\/wp-json\/wp\/v2\/users\/1"}],"replies":[{"embeddable":true,"href":"https:\/\/www.albadei2soli-bnb.com\/es\/wp-json\/wp\/v2\/comments?post=592"}],"version-history":[{"count":5,"href":"https:\/\/www.albadei2soli-bnb.com\/es\/wp-json\/wp\/v2\/pages\/592\/revisions"}],"predecessor-version":[{"id":772,"href":"https:\/\/www.albadei2soli-bnb.com\/es\/wp-json\/wp\/v2\/pages\/592\/revisions\/772"}],"wp:attachment":[{"href":"https:\/\/www.albadei2soli-bnb.com\/es\/wp-json\/wp\/v2\/media?parent=592"}],"curies":[{"name":"wp","href":"https:\/\/api.w.org\/{rel}","templated":true}]}}