{"id":585,"date":"2015-02-05T11:09:18","date_gmt":"2015-02-05T11:09:18","guid":{"rendered":"https:\/\/www.albadei2soli-bnb.com\/?page_id=83"},"modified":"2017-05-10T11:34:10","modified_gmt":"2017-05-10T11:34:10","slug":"las-ofertas","status":"publish","type":"page","link":"https:\/\/www.albadei2soli-bnb.com\/es\/las-ofertas\/","title":{"rendered":"Ofertas"},"content":{"rendered":"<p>[et_pb_section admin_label=\u00bbsection\u00bb fullwidth=\u00bboff\u00bb specialty=\u00bbon\u00bb][et_pb_column type=\u00bb1_2&#8243; specialty_columns=\u00bb2&#8243;][et_pb_row_inner admin_label=\u00bbrow_inner\u00bb][et_pb_column_inner type=\u00bb4_4&#8243; saved_specialty_column_type=\u00bb1_2&#8243;][et_pb_text admin_label=\u00bbText\u00bb background_layout=\u00bblight\u00bb text_orientation=\u00bbleft\u00bb use_border_color=\u00bboff\u00bb border_color=\u00bb#ffffff\u00bb border_style=\u00bbsolid\u00bb]<\/p>\n<h2 class=\"p2\"><span class=\"s1\">Ofertas<\/span><\/h2>\n<p class=\"p2\"><em><strong>Oferta Rom\u00e1ntica:<\/strong><\/em><br \/>\n1 noche en habitaci\u00f3n Garofanetti con desayuno, ba\u00f1era de hidromasaje, botella de vino espumoso, chocolatinas y flores en la habitaci\u00f3n.<br \/>\n<strong>80 Euros<\/strong><\/p>\n<p class=\"p2\"><em><strong>Oferta Deportiva:<\/strong><\/em><br \/>\nBici: 2 noches en la habitaci\u00f3n Nontiscordardim\u00e9 con desayuno, alquiler de mountain-bike, seguro y Energy Brunch para llevar.<br \/>\n<strong>180 Euros<\/strong><\/p>\n<p class=\"p2\"><strong><em>Trekking:<\/em><\/strong><br \/>\n2 noches en habitaci\u00f3n Nontiscordardim\u00e9 con desayuno, itinerario de excursi\u00f3n, transporte eventual y Energy Brunch para llevar.<br \/>\n<strong>150 Euros<\/strong><\/p>\n<div><\/div>\n<p>[\/et_pb_text][\/et_pb_column_inner][\/et_pb_row_inner][et_pb_row_inner admin_label=\u00bbrow_inner\u00bb][et_pb_column_inner type=\u00bb1_2&#8243; saved_specialty_column_type=\u00bb1_2&#8243;][et_pb_cta admin_label=\u00bbCall To Action\u00bb use_background_color=\u00bbon\u00bb background_color=\u00bb#7eaf9a\u00bb background_layout=\u00bblight\u00bb text_orientation=\u00bbcenter\u00bb button_url=\u00bbhttps:\/\/www.albadei2soli-bnb.com\/es\/contactanos\/\u00bb button_text=\u00bbCont\u00e1ctanos\u00bb]<\/p>\n<p>[\/et_pb_cta][\/et_pb_column_inner][et_pb_column_inner type=\u00bb1_2&#8243; saved_specialty_column_type=\u00bb1_2&#8243;][\/et_pb_column_inner][\/et_pb_row_inner][\/et_pb_column][et_pb_column type=\u00bb1_2&#8243;][et_pb_divider admin_label=\u00bbSeparador\u00bb color=\u00bb#ffffff\u00bb show_divider=\u00bboff\u00bb]<\/p>\n<p>[\/et_pb_divider][et_pb_image admin_label=\u00bbImage\u00bb src=\u00bbhttps:\/\/www.albadei2soli-bnb.com\/es\/wp-content\/uploads\/sites\/2\/2015\/02\/image-05-06-15-04-54-11.jpeg\u00bb show_in_lightbox=\u00bboff\u00bb url_new_window=\u00bboff\u00bb animation=\u00bbleft\u00bb sticky=\u00bboff\u00bb]<\/p>\n<p>[\/et_pb_image][\/et_pb_column][\/et_pb_section]<\/p>\n","protected":false},"excerpt":{"rendered":"<p>[et_pb_section admin_label=\u00bbsection\u00bb fullwidth=\u00bboff\u00bb specialty=\u00bbon\u00bb][et_pb_column type=\u00bb1_2&#8243; specialty_columns=\u00bb2&#8243;][et_pb_row_inner admin_label=\u00bbrow_inner\u00bb][et_pb_column_inner type=\u00bb4_4&#8243; saved_specialty_column_type=\u00bb1_2&#8243;][et_pb_text admin_label=\u00bbText\u00bb background_layout=\u00bblight\u00bb text_orientation=\u00bbleft\u00bb use_border_color=\u00bboff\u00bb border_color=\u00bb#ffffff\u00bb border_style=\u00bbsolid\u00bb] Ofertas Oferta Rom\u00e1ntica: 1 noche en habitaci\u00f3n Garofanetti con desayuno, ba\u00f1era de hidromasaje, botella de vino espumoso, chocolatinas y flores en la habitaci\u00f3n. 80 Euros Oferta Deportiva: Bici: 2 noches en la habitaci\u00f3n Nontiscordardim\u00e9 con desayuno, alquiler de mountain-bike, seguro [&hellip;]<\/p>\n","protected":false},"author":1,"featured_media":0,"parent":0,"menu_order":0,"comment_status":"open","ping_status":"open","template":"","meta":{"jetpack_post_was_ever_published":false,"footnotes":""},"class_list":["post-585","page","type-page","status-publish","hentry"],"jetpack_sharing_enabled":true,"jetpack_shortlink":"https:\/\/wp.me\/P6jfyR-9r","jetpack-related-posts":[],"_links":{"self":[{"href":"https:\/\/www.albadei2soli-bnb.com\/es\/wp-json\/wp\/v2\/pages\/585","targetHints":{"allow":["GET"]}}],"collection":[{"href":"https:\/\/www.albadei2soli-bnb.com\/es\/wp-json\/wp\/v2\/pages"}],"about":[{"href":"https:\/\/www.albadei2soli-bnb.com\/es\/wp-json\/wp\/v2\/types\/page"}],"author":[{"embeddable":true,"href":"https:\/\/www.albadei2soli-bnb.com\/es\/wp-json\/wp\/v2\/users\/1"}],"replies":[{"embeddable":true,"href":"https:\/\/www.albadei2soli-bnb.com\/es\/wp-json\/wp\/v2\/comments?post=585"}],"version-history":[{"count":10,"href":"https:\/\/www.albadei2soli-bnb.com\/es\/wp-json\/wp\/v2\/pages\/585\/revisions"}],"predecessor-version":[{"id":899,"href":"https:\/\/www.albadei2soli-bnb.com\/es\/wp-json\/wp\/v2\/pages\/585\/revisions\/899"}],"wp:attachment":[{"href":"https:\/\/www.albadei2soli-bnb.com\/es\/wp-json\/wp\/v2\/media?parent=585"}],"curies":[{"name":"wp","href":"https:\/\/api.w.org\/{rel}","templated":true}]}}