{"id":583,"date":"2015-02-05T11:08:41","date_gmt":"2015-02-05T11:08:41","guid":{"rendered":"https:\/\/www.albadei2soli-bnb.com\/?page_id=81"},"modified":"2016-03-30T11:20:25","modified_gmt":"2016-03-30T11:20:25","slug":"los-servicios","status":"publish","type":"page","link":"https:\/\/www.albadei2soli-bnb.com\/es\/los-servicios\/","title":{"rendered":"Servicios"},"content":{"rendered":"<p>[et_pb_section admin_label=\u00bbsection\u00bb fullwidth=\u00bboff\u00bb specialty=\u00bbon\u00bb][et_pb_column type=\u00bb1_2&#8243;][et_pb_text admin_label=\u00bbText\u00bb background_layout=\u00bblight\u00bb text_orientation=\u00bbleft\u00bb use_border_color=\u00bboff\u00bb border_color=\u00bb#ffffff\u00bb border_style=\u00bbsolid\u00bb]<\/p>\n<h2>Servicios<\/h2>\n<p dir=\"ltr\">Desayuno t\u00edpico &#8211; continental &#8211;\u00a0gluten\u00a0free &#8211; vegano.<\/p>\n<p dir=\"ltr\"><strong>Wifi:<\/strong> podr\u00e9is estar siempre conectados con la familia, los amigos o el trabajo, gracias al wifi gratuito presente en todo la estructura.<\/p>\n<p dir=\"ltr\"><strong>Parking:<\/strong> Se encuentra dentro de la propiedad.<\/p>\n<p dir=\"ltr\"><strong>Bicis:<\/strong> En nuestra estructura podr\u00e9is alquilar Mountain Bike para descubrir el entorno y la maravillosa naturaleza que nos rodea.<\/p>\n<p dir=\"ltr\"><strong>Productos t\u00edpicos del territorio:<\/strong> Tenemos disponibles a la venta una selecci\u00f3n de productos t\u00edpicos del territorio que hemos seleccionado personalmente.<\/p>\n<p dir=\"ltr\"><strong>Transfer desde y a la estaci\u00f3n:<\/strong> Si os mov\u00e9is en tren, podemos organizar para vosotros un servicio de transfer desde la estaci\u00f3n de As\u00eds o de Foligno.<\/p>\n<p dir=\"ltr\"><strong>Energy Brunch:<\/strong> Si desear\u00e9is almorzar en la naturaleza, podemos preparar para vosotros un delicioso y sano energy brunch.<\/p>\n<p dir=\"ltr\"><strong>Barbacoa:<\/strong> ten\u00e9is a vuestra disposici\u00f3n una gran \u00e1rea verde dedicada a la barbacoa con sombrillas, mesas y sillas.<\/p>\n<p dir=\"ltr\"><strong>Degustaciones:<\/strong> Podemos preparar tablas de embutidos y quesos con mermeladas y pan tostado.<\/p>\n<p dir=\"ltr\"><strong>Servicio de lavander\u00eda:<\/strong> Para largas permanencias podemos efectuar el servicio de lavander\u00eda y plancha.<\/p>\n<p dir=\"ltr\"><strong>Idiomas hablados:<\/strong> italiano, espa\u00f1ol e ingl\u00e9s.<\/p>\n<p dir=\"ltr\"><strong>Set de cortes\u00eda:<\/strong> En cada habitaci\u00f3n encontrar\u00e9is\u00a0 productos para el ba\u00f1o que hemos seleccionado y respetuosos con el medio ambiente.<\/p>\n<p dir=\"ltr\"><strong>Material tur\u00edstico:<\/strong> Dentro de cada habitaci\u00f3n encontrar\u00e9is material informativo del territorio.<\/p>\n<p dir=\"ltr\"><strong>\u00c1rea infantil:\u00a0<\/strong> En la zona verde adyacente se encuentra la zona de juegos infantiles.<\/p>\n<p dir=\"ltr\"><strong>Late check-out:<\/strong> Si no est\u00e1 prevista la llegada de otros hu\u00e9spedes, podr\u00e9is tener a disposici\u00f3n la habitaci\u00f3n hasta las 16:00 horas pagando un peque\u00f1o suplemento.<\/p>\n<p dir=\"ltr\"><strong>Flores, bombones y cava en la habitaci\u00f3n:<\/strong> Quer\u00e9is sorprender a vuestra pareja? Podemos preparar un ambiente rom\u00e1ntico fn la habitaci\u00f3n.<\/p>\n<p dir=\"ltr\"><strong>Tarjeta de cr\u00e9dito:<\/strong> Aceptamos pagamentos con las principales tarjetas de cr\u00e9dito.<\/p>\n<p>[\/et_pb_text][\/et_pb_column][et_pb_column type=\u00bb1_2&#8243; specialty_columns=\u00bb2&#8243;][et_pb_row_inner admin_label=\u00bbrow_inner\u00bb][et_pb_column_inner type=\u00bb4_4&#8243; saved_specialty_column_type=\u00bb1_2&#8243;][et_pb_image admin_label=\u00bbImage\u00bb src=\u00bbhttps:\/\/www.albadei2soli-bnb.com\/wp-content\/uploads\/2015\/02\/IMG_2922-5.jpg\u00bb show_in_lightbox=\u00bboff\u00bb url_new_window=\u00bboff\u00bb animation=\u00bboff\u00bb sticky=\u00bboff\u00bb] [\/et_pb_image][\/et_pb_column_inner][\/et_pb_row_inner][\/et_pb_column][\/et_pb_section]<\/p>\n","protected":false},"excerpt":{"rendered":"<p>[et_pb_section admin_label=\u00bbsection\u00bb fullwidth=\u00bboff\u00bb specialty=\u00bbon\u00bb][et_pb_column type=\u00bb1_2&#8243;][et_pb_text admin_label=\u00bbText\u00bb background_layout=\u00bblight\u00bb text_orientation=\u00bbleft\u00bb use_border_color=\u00bboff\u00bb border_color=\u00bb#ffffff\u00bb border_style=\u00bbsolid\u00bb] Servicios Desayuno t\u00edpico &#8211; continental &#8211;\u00a0gluten\u00a0free &#8211; vegano. Wifi: podr\u00e9is estar siempre conectados con la familia, los amigos o el trabajo, gracias al wifi gratuito presente en todo la estructura. Parking: Se encuentra dentro de la propiedad. Bicis: En nuestra estructura podr\u00e9is alquilar Mountain [&hellip;]<\/p>\n","protected":false},"author":1,"featured_media":0,"parent":0,"menu_order":0,"comment_status":"open","ping_status":"open","template":"","meta":{"jetpack_post_was_ever_published":false,"footnotes":""},"class_list":["post-583","page","type-page","status-publish","hentry"],"jetpack_sharing_enabled":true,"jetpack_shortlink":"https:\/\/wp.me\/P6jfyR-9p","jetpack-related-posts":[],"_links":{"self":[{"href":"https:\/\/www.albadei2soli-bnb.com\/es\/wp-json\/wp\/v2\/pages\/583","targetHints":{"allow":["GET"]}}],"collection":[{"href":"https:\/\/www.albadei2soli-bnb.com\/es\/wp-json\/wp\/v2\/pages"}],"about":[{"href":"https:\/\/www.albadei2soli-bnb.com\/es\/wp-json\/wp\/v2\/types\/page"}],"author":[{"embeddable":true,"href":"https:\/\/www.albadei2soli-bnb.com\/es\/wp-json\/wp\/v2\/users\/1"}],"replies":[{"embeddable":true,"href":"https:\/\/www.albadei2soli-bnb.com\/es\/wp-json\/wp\/v2\/comments?post=583"}],"version-history":[{"count":4,"href":"https:\/\/www.albadei2soli-bnb.com\/es\/wp-json\/wp\/v2\/pages\/583\/revisions"}],"predecessor-version":[{"id":831,"href":"https:\/\/www.albadei2soli-bnb.com\/es\/wp-json\/wp\/v2\/pages\/583\/revisions\/831"}],"wp:attachment":[{"href":"https:\/\/www.albadei2soli-bnb.com\/es\/wp-json\/wp\/v2\/media?parent=583"}],"curies":[{"name":"wp","href":"https:\/\/api.w.org\/{rel}","templated":true}]}}