{"id":582,"date":"2015-02-05T11:06:37","date_gmt":"2015-02-05T11:06:37","guid":{"rendered":"https:\/\/www.albadei2soli-bnb.com\/?page_id=77"},"modified":"2015-06-09T09:39:53","modified_gmt":"2015-06-09T09:39:53","slug":"umbria-las-marcas-itinerarios","status":"publish","type":"page","link":"https:\/\/www.albadei2soli-bnb.com\/es\/umbria-las-marcas-itinerarios\/","title":{"rendered":"Umbr\u00eda &#8211; Las Marcas"},"content":{"rendered":"<p>[et_pb_section fullwidth=\u00bbon\u00bb specialty=\u00bboff\u00bb][et_pb_fullwidth_slider admin_label=\u00bbControl deslizante de anchura completa\u00bb show_arrows=\u00bbon\u00bb show_pagination=\u00bbon\u00bb auto=\u00bboff\u00bb parallax=\u00bboff\u00bb parallax_method=\u00bboff\u00bb][et_pb_slide background_image=\u00bbhttps:\/\/www.albadei2soli-bnb.com\/es\/wp-content\/uploads\/sites\/2\/2015\/02\/IMG_2176-1311.jpg\u00bb background_color=\u00bb#ffffff\u00bb alignment=\u00bbcenter\u00bb background_layout=\u00bbdark\u00bb allow_player_pause=\u00bboff\u00bb \/][\/et_pb_fullwidth_slider][\/et_pb_section][et_pb_section fullwidth=\u00bboff\u00bb specialty=\u00bboff\u00bb][et_pb_row][et_pb_column type=\u00bb2_3&#8243;][et_pb_text admin_label=\u00bbTexto\u00bb background_layout=\u00bblight\u00bb text_orientation=\u00bbleft\u00bb]<\/p>\n<h2>Umbr\u00eda &#8211; Las Marcas\u00a0Itinerarios<\/h2>\n<p class=\"p1\"><span class=\"s1\">El B&amp;B Alba dei Due Soli cuenta con una excelente posici\u00f3n como punto de partida para visitar las bellas regiones de Umbr\u00eda y Las Marcas.<\/span><\/p>\n<p class=\"p1\"><span class=\"s1\">A continuaci\u00f3n os proponemos algunos itinerarios y lugares que visitar con sus respectivas distancias. Las diferentes propuestas hacen referencia a las numerosas ciudades de arte cercanas (Itinerario Cultural), a las ciudades con\u00a0turismo religioso (Itinerario Religioso), las zonas con productos enogastron\u00f3micos \u00fanicos (Itinerario Enogastron\u00f3mico) y, por \u00faltimo, a los mejores destinos donde pasar unos d\u00edas comprando ropa, zapatos y accesorios de las mejores marcas (Itinerario Shopping-Outlet).<\/span><\/p>\n<p class=\"p1\"><span class=\"s1\">Estaremos encantados de poder daros m\u00e1s informaci\u00f3n al respecto.<\/span><\/p>\n<ul>\n<li class=\"p1\"><span class=\"s1\"><a href=\"https:\/\/www.albadei2soli-bnb.com\/es\/itinerario-cultura\/\">Itinerario Cultural<\/a><\/span><\/li>\n<li class=\"p1\"><a href=\"https:\/\/www.albadei2soli-bnb.com\/es\/itinerario-religioso\/\">Itinerario Religioso<\/a><\/li>\n<li class=\"p1\"><a href=\"https:\/\/www.albadei2soli-bnb.com\/es\/itinerario-enogastronomico\/\">Itinerario Enogastron\u00f3mico<\/a><\/li>\n<li class=\"p1\"><a href=\"https:\/\/www.albadei2soli-bnb.com\/es\/um-itinerario-shopping\/\">Itinerario Shopping-Outlet<\/a><\/li>\n<li class=\"p1\"><a href=\"https:\/\/www.albadei2soli-bnb.com\/es\/um-eventi\/\">EVENTOS<\/a><\/li>\n<\/ul>\n<p>[\/et_pb_text][\/et_pb_column][et_pb_column type=\u00bb1_3&#8243;][\/et_pb_column][\/et_pb_row][\/et_pb_section]<\/p>\n","protected":false},"excerpt":{"rendered":"<p>[et_pb_section fullwidth=\u00bbon\u00bb specialty=\u00bboff\u00bb][et_pb_fullwidth_slider admin_label=\u00bbControl deslizante de anchura completa\u00bb show_arrows=\u00bbon\u00bb show_pagination=\u00bbon\u00bb auto=\u00bboff\u00bb parallax=\u00bboff\u00bb parallax_method=\u00bboff\u00bb][et_pb_slide background_image=\u00bbhttps:\/\/www.albadei2soli-bnb.com\/es\/wp-content\/uploads\/sites\/2\/2015\/02\/IMG_2176-1311.jpg\u00bb background_color=\u00bb#ffffff\u00bb alignment=\u00bbcenter\u00bb background_layout=\u00bbdark\u00bb allow_player_pause=\u00bboff\u00bb \/][\/et_pb_fullwidth_slider][\/et_pb_section][et_pb_section fullwidth=\u00bboff\u00bb specialty=\u00bboff\u00bb][et_pb_row][et_pb_column type=\u00bb2_3&#8243;][et_pb_text admin_label=\u00bbTexto\u00bb background_layout=\u00bblight\u00bb text_orientation=\u00bbleft\u00bb] Umbr\u00eda &#8211; Las Marcas\u00a0Itinerarios El B&amp;B Alba dei Due Soli cuenta con una excelente posici\u00f3n como punto de partida para visitar las bellas regiones de Umbr\u00eda y Las Marcas. A [&hellip;]<\/p>\n","protected":false},"author":1,"featured_media":0,"parent":0,"menu_order":0,"comment_status":"open","ping_status":"closed","template":"","meta":{"jetpack_post_was_ever_published":false,"footnotes":""},"class_list":["post-582","page","type-page","status-publish","hentry"],"jetpack_sharing_enabled":true,"jetpack_shortlink":"https:\/\/wp.me\/P6jfyR-9o","jetpack-related-posts":[],"_links":{"self":[{"href":"https:\/\/www.albadei2soli-bnb.com\/es\/wp-json\/wp\/v2\/pages\/582","targetHints":{"allow":["GET"]}}],"collection":[{"href":"https:\/\/www.albadei2soli-bnb.com\/es\/wp-json\/wp\/v2\/pages"}],"about":[{"href":"https:\/\/www.albadei2soli-bnb.com\/es\/wp-json\/wp\/v2\/types\/page"}],"author":[{"embeddable":true,"href":"https:\/\/www.albadei2soli-bnb.com\/es\/wp-json\/wp\/v2\/users\/1"}],"replies":[{"embeddable":true,"href":"https:\/\/www.albadei2soli-bnb.com\/es\/wp-json\/wp\/v2\/comments?post=582"}],"version-history":[{"count":4,"href":"https:\/\/www.albadei2soli-bnb.com\/es\/wp-json\/wp\/v2\/pages\/582\/revisions"}],"predecessor-version":[{"id":779,"href":"https:\/\/www.albadei2soli-bnb.com\/es\/wp-json\/wp\/v2\/pages\/582\/revisions\/779"}],"wp:attachment":[{"href":"https:\/\/www.albadei2soli-bnb.com\/es\/wp-json\/wp\/v2\/media?parent=582"}],"curies":[{"name":"wp","href":"https:\/\/api.w.org\/{rel}","templated":true}]}}