{"id":579,"date":"2015-01-25T16:54:07","date_gmt":"2015-01-25T16:54:07","guid":{"rendered":"https:\/\/www.albadei2soli-bnb.com\/?page_id=44"},"modified":"2017-02-02T13:14:44","modified_gmt":"2017-02-02T13:14:44","slug":"habitaciones-y-casa-rural","status":"publish","type":"page","link":"https:\/\/www.albadei2soli-bnb.com\/es\/habitaciones-y-casa-rural\/","title":{"rendered":"Habitaciones y Casa Rural"},"content":{"rendered":"<p>[et_pb_section transparent_background=\u00bboff\u00bb allow_player_pause=\u00bboff\u00bb inner_shadow=\u00bboff\u00bb parallax=\u00bboff\u00bb parallax_method=\u00bbon\u00bb make_fullwidth=\u00bboff\u00bb use_custom_width=\u00bboff\u00bb width_unit=\u00bboff\u00bb custom_width_px=\u00bb1080px\u00bb custom_width_percent=\u00bb80%\u00bb make_equal=\u00bboff\u00bb use_custom_gutter=\u00bboff\u00bb fullwidth=\u00bboff\u00bb specialty=\u00bboff\u00bb admin_label=\u00bbsection\u00bb disabled=\u00bboff\u00bb][et_pb_row make_fullwidth=\u00bboff\u00bb use_custom_width=\u00bboff\u00bb width_unit=\u00bboff\u00bb custom_width_px=\u00bb1080px\u00bb custom_width_percent=\u00bb80%\u00bb use_custom_gutter=\u00bboff\u00bb gutter_width=\u00bb3&#8243; allow_player_pause=\u00bboff\u00bb parallax=\u00bboff\u00bb parallax_method=\u00bbon\u00bb make_equal=\u00bboff\u00bb parallax_1=\u00bboff\u00bb parallax_method_1=\u00bbon\u00bb parallax_2=\u00bboff\u00bb parallax_method_2=\u00bbon\u00bb parallax_3=\u00bboff\u00bb parallax_method_3=\u00bbon\u00bb parallax_4=\u00bboff\u00bb parallax_method_4=\u00bbon\u00bb admin_label=\u00bbrow\u00bb disabled=\u00bboff\u00bb][et_pb_column type=\u00bb4_4&#8243; disabled=\u00bboff\u00bb parallax=\u00bboff\u00bb parallax_method=\u00bbon\u00bb][et_pb_text background_layout=\u00bblight\u00bb text_orientation=\u00bbleft\u00bb admin_label=\u00bbText\u00bb use_border_color=\u00bboff\u00bb border_style=\u00bbsolid\u00bb disabled=\u00bboff\u00bb]<\/p>\n<h2>Habitaciones y Tarifas<\/h2>\n<p>En nuestro B&#038;B cada habitaci\u00f3n tiene nombre propio, personalidad y un estilo diverso.<br \/>\nHemos creado en cada espacio una armon\u00eda de colores y de mobiliario, usando muebles antiguos ,comprados o heredados de nuestros abuelos, embebiendo la madera llena de historia, de la vitalidad y del color del ambiente circundante.<\/p>\n<p><strong>Toda la estructura fue recostru\u00edda despu\u00e9s del 2000 respetando los m\u00e1s altos c\u00e1nones antis\u00edsmicos.<\/strong><\/p>\n<p>[\/et_pb_text][\/et_pb_column][\/et_pb_row][et_pb_row make_fullwidth=\u00bboff\u00bb use_custom_width=\u00bboff\u00bb width_unit=\u00bboff\u00bb custom_width_px=\u00bb1080px\u00bb custom_width_percent=\u00bb80%\u00bb use_custom_gutter=\u00bbon\u00bb gutter_width=\u00bb0&#8243; allow_player_pause=\u00bboff\u00bb parallax=\u00bboff\u00bb parallax_method=\u00bbon\u00bb make_equal=\u00bboff\u00bb parallax_1=\u00bboff\u00bb parallax_method_1=\u00bbon\u00bb parallax_2=\u00bboff\u00bb parallax_method_2=\u00bbon\u00bb parallax_3=\u00bboff\u00bb parallax_method_3=\u00bbon\u00bb parallax_4=\u00bboff\u00bb parallax_method_4=\u00bbon\u00bb admin_label=\u00bbrow\u00bb disabled=\u00bboff\u00bb][et_pb_column type=\u00bb1_3&#8243; disabled=\u00bboff\u00bb parallax=\u00bboff\u00bb parallax_method=\u00bbon\u00bb][et_pb_text background_layout=\u00bblight\u00bb text_orientation=\u00bbleft\u00bb admin_label=\u00bbText\u00bb use_border_color=\u00bboff\u00bb border_style=\u00bbsolid\u00bb disabled=\u00bboff\u00bb]<\/p>\n<p><a href=\"..\/wp-content\/uploads\/sites\/2\/2015\/01\/IMG_56361.jpg\"><img loading=\"lazy\" decoding=\"async\" data-attachment-id=\"290\" data-permalink=\"https:\/\/www.albadei2soli-bnb.com\/es\/2-2-5\/\" data-orig-file=\"https:\/\/i0.wp.com\/www.albadei2soli-bnb.com\/es\/wp-content\/uploads\/sites\/2\/2015\/01\/2-24.jpg?fit=1399%2C863&amp;ssl=1\" data-orig-size=\"1399,863\" data-comments-opened=\"1\" data-image-meta=\"{&quot;aperture&quot;:&quot;5.7&quot;,&quot;credit&quot;:&quot;&quot;,&quot;camera&quot;:&quot;DSC-W710&quot;,&quot;caption&quot;:&quot;&quot;,&quot;created_timestamp&quot;:&quot;1431883725&quot;,&quot;copyright&quot;:&quot;&quot;,&quot;focal_length&quot;:&quot;13.4&quot;,&quot;iso&quot;:&quot;100&quot;,&quot;shutter_speed&quot;:&quot;0.01&quot;,&quot;title&quot;:&quot;&quot;,&quot;orientation&quot;:&quot;0&quot;}\" data-image-title=\"2-2\" data-image-description=\"\" data-image-caption=\"\" data-medium-file=\"https:\/\/i0.wp.com\/www.albadei2soli-bnb.com\/es\/wp-content\/uploads\/sites\/2\/2015\/01\/2-24.jpg?fit=300%2C185&amp;ssl=1\" data-large-file=\"https:\/\/i0.wp.com\/www.albadei2soli-bnb.com\/es\/wp-content\/uploads\/sites\/2\/2015\/01\/2-24.jpg?fit=1024%2C632&amp;ssl=1\" class=\" wp-image-290 aligncenter\" src=\"..\/wp-content\/uploads\/sites\/2\/2015\/01\/IMG_56361-300x300.jpg\" alt=\"\" width=\"200\" height=\"200\" \/><\/a><\/p>\n<h3 class=\"p1\" style=\"text-align: center;\"><span class=\"s1\">Habitaci&oacute;n &ldquo;Nontiscordardim&eacute;&rdquo;:<\/span><\/h3>\n<p class=\"p1\"><span class=\"s1\">El nombre hace referencia a unas peque&ntilde;as flores azules t&iacute;picamente apen&iacute;nicas, s&iacute;mbolo del D&iacute;a Internacional de los Abuelos y que antiguamente se usaban para aliviar dolencias de los ojos.<\/span><\/p>\n<p class=\"p1\"><span class=\"s1\">Es una habitaci&oacute;n doble con ba&ntilde;o interno.<\/span><\/p>\n<p class=\"p1\"><span class=\"s1\">Precio por noche &euro;65.<\/span><\/p>\n<p class=\"p1\"><span class=\"s1\">*Es posible a&ntilde;adir una cama supletoria con un suplemento de &euro;15 por noche.<\/span><\/p>\n<p>[\/et_pb_text][\/et_pb_column][et_pb_column type=\u00bb2_3&#8243; disabled=\u00bboff\u00bb parallax=\u00bboff\u00bb parallax_method=\u00bbon\u00bb][et_pb_gallery gallery_ids=\u00bb252,251,255,861,250,862&#8243; fullwidth=\u00bboff\u00bb posts_number=\u00bb6&#8243; show_title_and_caption=\u00bboff\u00bb show_pagination=\u00bboff\u00bb background_layout=\u00bblight\u00bb auto=\u00bboff\u00bb auto_speed=\u00bb7000&#8243; admin_label=\u00bbGallery\u00bb use_border_color=\u00bboff\u00bb border_color=\u00bb#ffffff\u00bb border_width=\u00bb1px\u00bb border_style=\u00bbsolid\u00bb custom_css_gallery_item=\u00bbpadding: 3px;||\u00bb disabled=\u00bboff\u00bb] [\/et_pb_gallery][\/et_pb_column][\/et_pb_row][et_pb_row make_fullwidth=\u00bboff\u00bb use_custom_width=\u00bboff\u00bb width_unit=\u00bboff\u00bb custom_width_px=\u00bb1080px\u00bb custom_width_percent=\u00bb80%\u00bb use_custom_gutter=\u00bbon\u00bb gutter_width=\u00bb0&#8243; allow_player_pause=\u00bboff\u00bb parallax=\u00bboff\u00bb parallax_method=\u00bbon\u00bb make_equal=\u00bboff\u00bb parallax_1=\u00bboff\u00bb parallax_method_1=\u00bbon\u00bb parallax_2=\u00bboff\u00bb parallax_method_2=\u00bbon\u00bb parallax_3=\u00bboff\u00bb parallax_method_3=\u00bbon\u00bb parallax_4=\u00bboff\u00bb parallax_method_4=\u00bbon\u00bb admin_label=\u00bbrow\u00bb disabled=\u00bboff\u00bb][et_pb_column type=\u00bb1_3&#8243; disabled=\u00bboff\u00bb parallax=\u00bboff\u00bb parallax_method=\u00bbon\u00bb][et_pb_text background_layout=\u00bblight\u00bb text_orientation=\u00bbleft\u00bb admin_label=\u00bbText\u00bb use_border_color=\u00bboff\u00bb border_style=\u00bbsolid\u00bb disabled=\u00bboff\u00bb]<\/p>\n<p><a href=\"..\/..\/wp-content\/uploads\/2015\/01\/garofanetti-FLOR.jpg\"><img loading=\"lazy\" decoding=\"async\" data-attachment-id=\"150\" data-permalink=\"https:\/\/www.albadei2soli-bnb.com\/es\/garofanetti-flor\/\" data-orig-file=\"https:\/\/i0.wp.com\/www.albadei2soli-bnb.com\/es\/wp-content\/uploads\/sites\/2\/2015\/01\/garofanetti-FLOR.jpg?fit=300%2C200&amp;ssl=1\" data-orig-size=\"300,200\" data-comments-opened=\"1\" data-image-meta=\"{&quot;aperture&quot;:&quot;0&quot;,&quot;credit&quot;:&quot;&quot;,&quot;camera&quot;:&quot;&quot;,&quot;caption&quot;:&quot;&quot;,&quot;created_timestamp&quot;:&quot;0&quot;,&quot;copyright&quot;:&quot;&quot;,&quot;focal_length&quot;:&quot;0&quot;,&quot;iso&quot;:&quot;0&quot;,&quot;shutter_speed&quot;:&quot;0&quot;,&quot;title&quot;:&quot;&quot;,&quot;orientation&quot;:&quot;1&quot;}\" data-image-title=\"garofanetti FLOR\" data-image-description=\"\" data-image-caption=\"\" data-medium-file=\"https:\/\/i0.wp.com\/www.albadei2soli-bnb.com\/es\/wp-content\/uploads\/sites\/2\/2015\/01\/garofanetti-FLOR.jpg?fit=300%2C200&amp;ssl=1\" data-large-file=\"https:\/\/i0.wp.com\/www.albadei2soli-bnb.com\/es\/wp-content\/uploads\/sites\/2\/2015\/01\/garofanetti-FLOR.jpg?fit=300%2C200&amp;ssl=1\" class=\"aligncenter wp-image-150\" src=\"..\/..\/wp-content\/uploads\/2015\/01\/garofanetti-FLOR-300x200.jpg\" alt=\"garofanetti FLOR\" width=\"200\" height=\"133\" \/><\/a><\/p>\n<h3 class=\"p1\" style=\"text-align: center;\"><span class=\"s1\">Habitaci&oacute;n &ldquo;Garofanetti&rdquo;:<\/span><\/h3>\n<p class=\"p1\"><span class=\"s1\">El nombre hace referencia a una flor selv&aacute;tica apen&iacute;nica, s&iacute;mbolo del amor, la fascinaci&oacute;n y la distinci&oacute;n. El nombre en griego significa &ldquo;flor celestial&rdquo;. <\/span><\/p>\n<p class=\"p1\"><span class=\"s1\">Es una habitaci&oacute;n doble con ba&ntilde;o externo y ba&ntilde;era con hidromasaje. <\/span><\/p>\n<p class=\"p1\"><span class=\"s1\">Precio por noche &euro;58.<\/span><\/p>\n<p>[\/et_pb_text][\/et_pb_column][et_pb_column type=\u00bb2_3&#8243; disabled=\u00bboff\u00bb parallax=\u00bboff\u00bb parallax_method=\u00bbon\u00bb][et_pb_gallery gallery_ids=\u00bb868,866,867,869,870,871&#8243; fullwidth=\u00bboff\u00bb posts_number=\u00bb6&#8243; show_title_and_caption=\u00bboff\u00bb show_pagination=\u00bboff\u00bb background_layout=\u00bblight\u00bb auto=\u00bboff\u00bb auto_speed=\u00bb7000&#8243; admin_label=\u00bbGallery\u00bb use_border_color=\u00bboff\u00bb border_color=\u00bb#ffffff\u00bb border_width=\u00bb1px\u00bb border_style=\u00bbsolid\u00bb custom_css_gallery_item=\u00bbpadding: 3px;||\u00bb disabled=\u00bboff\u00bb] [\/et_pb_gallery][\/et_pb_column][\/et_pb_row][et_pb_row make_fullwidth=\u00bboff\u00bb use_custom_width=\u00bboff\u00bb width_unit=\u00bboff\u00bb custom_width_px=\u00bb1080px\u00bb custom_width_percent=\u00bb80%\u00bb use_custom_gutter=\u00bbon\u00bb gutter_width=\u00bb0&#8243; custom_padding=\u00bb27px|0px|27px|0px\u00bb allow_player_pause=\u00bboff\u00bb parallax=\u00bboff\u00bb parallax_method=\u00bbon\u00bb make_equal=\u00bboff\u00bb parallax_1=\u00bboff\u00bb parallax_method_1=\u00bbon\u00bb parallax_2=\u00bboff\u00bb parallax_method_2=\u00bbon\u00bb parallax_3=\u00bboff\u00bb parallax_method_3=\u00bbon\u00bb parallax_4=\u00bboff\u00bb parallax_method_4=\u00bbon\u00bb admin_label=\u00bbrow\u00bb disabled=\u00bboff\u00bb][et_pb_column type=\u00bb1_3&#8243; disabled=\u00bboff\u00bb parallax=\u00bboff\u00bb parallax_method=\u00bbon\u00bb][et_pb_text background_layout=\u00bblight\u00bb text_orientation=\u00bbleft\u00bb admin_label=\u00bbTexto\u00bb use_border_color=\u00bboff\u00bb border_style=\u00bbsolid\u00bb disabled=\u00bboff\u00bb]<\/p>\n<h3 style=\"text-align: center;\"><a href=\"..\/wp-content\/uploads\/sites\/2\/2017\/02\/giu.jpg\"><img loading=\"lazy\" decoding=\"async\" data-attachment-id=\"891\" data-permalink=\"https:\/\/www.albadei2soli-bnb.com\/es\/giu\/\" data-orig-file=\"https:\/\/i0.wp.com\/www.albadei2soli-bnb.com\/es\/wp-content\/uploads\/sites\/2\/2017\/02\/giu.jpg?fit=406%2C406&amp;ssl=1\" data-orig-size=\"406,406\" data-comments-opened=\"1\" data-image-meta=\"{&quot;aperture&quot;:&quot;0&quot;,&quot;credit&quot;:&quot;&quot;,&quot;camera&quot;:&quot;&quot;,&quot;caption&quot;:&quot;&quot;,&quot;created_timestamp&quot;:&quot;0&quot;,&quot;copyright&quot;:&quot;&quot;,&quot;focal_length&quot;:&quot;0&quot;,&quot;iso&quot;:&quot;0&quot;,&quot;shutter_speed&quot;:&quot;0&quot;,&quot;title&quot;:&quot;&quot;,&quot;orientation&quot;:&quot;1&quot;}\" data-image-title=\"giu\" data-image-description=\"\" data-image-caption=\"\" data-medium-file=\"https:\/\/i0.wp.com\/www.albadei2soli-bnb.com\/es\/wp-content\/uploads\/sites\/2\/2017\/02\/giu.jpg?fit=300%2C300&amp;ssl=1\" data-large-file=\"https:\/\/i0.wp.com\/www.albadei2soli-bnb.com\/es\/wp-content\/uploads\/sites\/2\/2017\/02\/giu.jpg?fit=406%2C406&amp;ssl=1\" src=\"..\/wp-content\/uploads\/sites\/2\/2017\/02\/giu-300x300.jpg\" width=\"200\" height=\"200\" alt=\"\" class=\"wp-image-891 alignnone size-medium\" srcset=\"https:\/\/i0.wp.com\/www.albadei2soli-bnb.com\/es\/wp-content\/uploads\/sites\/2\/2017\/02\/giu.jpg?resize=300%2C300&amp;ssl=1 300w, https:\/\/i0.wp.com\/www.albadei2soli-bnb.com\/es\/wp-content\/uploads\/sites\/2\/2017\/02\/giu.jpg?resize=150%2C150&amp;ssl=1 150w, https:\/\/i0.wp.com\/www.albadei2soli-bnb.com\/es\/wp-content\/uploads\/sites\/2\/2017\/02\/giu.jpg?resize=24%2C24&amp;ssl=1 24w, https:\/\/i0.wp.com\/www.albadei2soli-bnb.com\/es\/wp-content\/uploads\/sites\/2\/2017\/02\/giu.jpg?resize=36%2C36&amp;ssl=1 36w, https:\/\/i0.wp.com\/www.albadei2soli-bnb.com\/es\/wp-content\/uploads\/sites\/2\/2017\/02\/giu.jpg?resize=48%2C48&amp;ssl=1 48w, https:\/\/i0.wp.com\/www.albadei2soli-bnb.com\/es\/wp-content\/uploads\/sites\/2\/2017\/02\/giu.jpg?w=406&amp;ssl=1 406w\" sizes=\"auto, (max-width: 200px) 100vw, 200px\" \/><\/a><\/h3>\n<h3 style=\"text-align: center;\">Habitaci&oacute;n \u00abGiunchiglia\u00bb<\/h3>\n<p>Flor de prado que nace cuando el invierno se va, expresa amor y deseo hacia los otros, historicamente ha sido considerado portador de fortuna y felicidad.<br \/> Es nuestra habitacion superior: cama doble con armario, pavimentacion en terracota, ba&ntilde;o privado con dos lavabos y ducha 120&#215;80 con acabados en travertino.\u00bb<\/p>\n<p>Precio de 65 a 90 Euro\/noche.<\/p>\n<p>[\/et_pb_text][\/et_pb_column][et_pb_column type=\u00bb2_3&#8243; disabled=\u00bboff\u00bb parallax=\u00bboff\u00bb parallax_method=\u00bbon\u00bb][et_pb_gallery gallery_ids=\u00bb840,841,844,842,843,845&#8243; fullwidth=\u00bboff\u00bb posts_number=\u00bb6&#8243; show_title_and_caption=\u00bboff\u00bb show_pagination=\u00bboff\u00bb background_layout=\u00bblight\u00bb auto=\u00bboff\u00bb auto_speed=\u00bb7000&#8243; admin_label=\u00bbGaler\u00eda\u00bb use_border_color=\u00bboff\u00bb border_color=\u00bb#ffffff\u00bb border_width=\u00bb1px\u00bb border_style=\u00bbsolid\u00bb custom_css_gallery_item=\u00bbpadding: 3px;||\u00bb disabled=\u00bboff\u00bb] [\/et_pb_gallery][\/et_pb_column][\/et_pb_row][et_pb_row make_fullwidth=\u00bboff\u00bb use_custom_width=\u00bboff\u00bb width_unit=\u00bboff\u00bb custom_width_px=\u00bb1080px\u00bb custom_width_percent=\u00bb80%\u00bb use_custom_gutter=\u00bbon\u00bb gutter_width=\u00bb0&#8243; background_color=\u00bb#f7f7f7&#8243; allow_player_pause=\u00bboff\u00bb parallax=\u00bboff\u00bb parallax_method=\u00bbon\u00bb make_equal=\u00bboff\u00bb parallax_1=\u00bboff\u00bb parallax_method_1=\u00bbon\u00bb parallax_2=\u00bboff\u00bb parallax_method_2=\u00bbon\u00bb parallax_3=\u00bboff\u00bb parallax_method_3=\u00bbon\u00bb parallax_4=\u00bboff\u00bb parallax_method_4=\u00bbon\u00bb disabled=\u00bboff\u00bb][et_pb_column type=\u00bb4_4&#8243; disabled=\u00bboff\u00bb parallax=\u00bboff\u00bb parallax_method=\u00bbon\u00bb][et_pb_gallery gallery_ids=\u00bb298,268,266,267&#8243; fullwidth=\u00bboff\u00bb posts_number=\u00bb4&#8243; show_title_and_caption=\u00bboff\u00bb show_pagination=\u00bboff\u00bb background_layout=\u00bblight\u00bb auto=\u00bboff\u00bb auto_speed=\u00bb7000&#8243; use_border_color=\u00bboff\u00bb border_color=\u00bb#ffffff\u00bb border_width=\u00bb1px\u00bb border_style=\u00bbsolid\u00bb custom_css_gallery_item=\u00bbpadding: 3px;||\u00bb disabled=\u00bboff\u00bb][\/et_pb_gallery][\/et_pb_column][\/et_pb_row][et_pb_row make_fullwidth=\u00bboff\u00bb use_custom_width=\u00bboff\u00bb width_unit=\u00bboff\u00bb custom_width_px=\u00bb1080px\u00bb custom_width_percent=\u00bb80%\u00bb use_custom_gutter=\u00bboff\u00bb gutter_width=\u00bb3&#8243; allow_player_pause=\u00bboff\u00bb parallax=\u00bboff\u00bb parallax_method=\u00bbon\u00bb make_equal=\u00bboff\u00bb parallax_1=\u00bboff\u00bb parallax_method_1=\u00bbon\u00bb parallax_2=\u00bboff\u00bb parallax_method_2=\u00bbon\u00bb parallax_3=\u00bboff\u00bb parallax_method_3=\u00bbon\u00bb parallax_4=\u00bboff\u00bb parallax_method_4=\u00bbon\u00bb admin_label=\u00bbrow\u00bb disabled=\u00bboff\u00bb][et_pb_column type=\u00bb1_2&#8243; disabled=\u00bboff\u00bb parallax=\u00bboff\u00bb parallax_method=\u00bbon\u00bb][et_pb_text background_layout=\u00bblight\u00bb text_orientation=\u00bbleft\u00bb admin_label=\u00bbTexto\u00bb use_border_color=\u00bboff\u00bb border_style=\u00bbsolid\u00bb disabled=\u00bboff\u00bb]<\/p>\n<h3>Casa Rural<\/h3>\n<p>Confortable, \u00fanica y acogedora casa rural, amueblada y decorada en estilo Plestino (Plestia era una importante ciudad Romana que se encontraba a pocos kil\u00f3metros de nuestra estructura, cerca del Parque Natural de Colfiorito en la regi\u00f3n m\u00e1s verde de Italia: Umbr\u00eda).<\/p>\n<p>La casa se compone de dos habitaciones dobles, una matrimonial en la que se puede a\u00f1adir una cama supletoria o una cuna y, otra habitaci\u00f3n que puede ser matrimonial o con dos camas separadas; dos ba\u00f1os de lujo con grandes duchas y una lavander\u00eda. Se compone, as\u00ed mismo, de un sal\u00f3n amplio con sof\u00e1-cama y chimenea y cocina completa.<br \/>\nPosee entrada independiente desde el jardin sin escaleras.<br \/>\nFamilias y animales (bien educados) son bienvenidos y podran gozar de una extensa \u00e1rea verde alrededor de la casa.<\/p>\n<p>Es ideal para 4-5 personas, pudiendo albergar hasta 7-8<\/p>\n<p><a title=\"Contacto\" href=\"..\/contactanos\/\" target=\"_blank\">Pida un presupuesto personalizado.<\/a><\/p>\n<p>[\/et_pb_text][\/et_pb_column][et_pb_column type=\u00bb1_2&#8243; disabled=\u00bboff\u00bb parallax=\u00bboff\u00bb parallax_method=\u00bbon\u00bb][et_pb_image src=\u00bbhttps:\/\/www.albadei2soli-bnb.com\/es\/wp-content\/uploads\/sites\/2\/2017\/01\/12.jpg\u00bb show_in_lightbox=\u00bboff\u00bb url_new_window=\u00bboff\u00bb use_overlay=\u00bboff\u00bb animation=\u00bboff\u00bb sticky=\u00bboff\u00bb align=\u00bbleft\u00bb force_fullwidth=\u00bboff\u00bb always_center_on_mobile=\u00bbon\u00bb admin_label=\u00bbImagen\u00bb use_border_color=\u00bboff\u00bb border_color=\u00bb#ffffff\u00bb border_width=\u00bb1px\u00bb border_style=\u00bbsolid\u00bb disabled=\u00bboff\u00bb] [\/et_pb_image][\/et_pb_column][\/et_pb_row][et_pb_row make_fullwidth=\u00bboff\u00bb use_custom_width=\u00bboff\u00bb width_unit=\u00bboff\u00bb custom_width_px=\u00bb1080px\u00bb custom_width_percent=\u00bb80%\u00bb use_custom_gutter=\u00bbon\u00bb gutter_width=\u00bb0&#8243; allow_player_pause=\u00bboff\u00bb parallax=\u00bboff\u00bb parallax_method=\u00bbon\u00bb make_equal=\u00bboff\u00bb parallax_1=\u00bboff\u00bb parallax_method_1=\u00bbon\u00bb parallax_2=\u00bboff\u00bb parallax_method_2=\u00bbon\u00bb parallax_3=\u00bboff\u00bb parallax_method_3=\u00bbon\u00bb parallax_4=\u00bboff\u00bb parallax_method_4=\u00bbon\u00bb admin_label=\u00bbrow\u00bb disabled=\u00bboff\u00bb][et_pb_column type=\u00bb4_4&#8243; disabled=\u00bboff\u00bb parallax=\u00bboff\u00bb parallax_method=\u00bbon\u00bb][et_pb_gallery gallery_ids=\u00bb846,847,848,849,850,851,852,853,854,855&#8243; fullwidth=\u00bboff\u00bb posts_number=\u00bb10&#8243; show_title_and_caption=\u00bboff\u00bb show_pagination=\u00bboff\u00bb background_layout=\u00bblight\u00bb auto=\u00bboff\u00bb auto_speed=\u00bb7000&#8243; admin_label=\u00bbGaler\u00eda\u00bb use_border_color=\u00bboff\u00bb border_color=\u00bb#ffffff\u00bb border_width=\u00bb1px\u00bb border_style=\u00bbsolid\u00bb custom_css_gallery_item=\u00bbpadding: 3px;||\u00bb disabled=\u00bboff\u00bb] [\/et_pb_gallery][\/et_pb_column][\/et_pb_row][et_pb_row make_fullwidth=\u00bboff\u00bb use_custom_width=\u00bboff\u00bb width_unit=\u00bboff\u00bb custom_width_px=\u00bb1080px\u00bb custom_width_percent=\u00bb80%\u00bb use_custom_gutter=\u00bboff\u00bb gutter_width=\u00bb3&#8243; allow_player_pause=\u00bboff\u00bb parallax=\u00bboff\u00bb parallax_method=\u00bbon\u00bb make_equal=\u00bboff\u00bb parallax_1=\u00bboff\u00bb parallax_method_1=\u00bbon\u00bb parallax_2=\u00bboff\u00bb parallax_method_2=\u00bbon\u00bb parallax_3=\u00bboff\u00bb parallax_method_3=\u00bbon\u00bb parallax_4=\u00bboff\u00bb parallax_method_4=\u00bbon\u00bb admin_label=\u00bbrow\u00bb disabled=\u00bboff\u00bb][et_pb_column type=\u00bb1_2&#8243; disabled=\u00bboff\u00bb parallax=\u00bboff\u00bb parallax_method=\u00bbon\u00bb][et_pb_text background_layout=\u00bblight\u00bb text_orientation=\u00bbleft\u00bb admin_label=\u00bbText\u00bb use_border_color=\u00bboff\u00bb border_style=\u00bbsolid\u00bb disabled=\u00bboff\u00bb]<\/p>\n<p>Los precios son por noche y por habitaci\u00f3n, 2 personas.<\/p>\n<p class=\"p1\"><span class=\"s1\">Est\u00e1n incluidos en el precio: el desayuno (posibilidad de desayuno sin gluten), el uso de jard\u00edn, el parking y el pack de cortes\u00eda.<\/span><\/p>\n<p class=\"p1\"><span class=\"s1\">Para solicitar habitaci\u00f3n doble para una sola persona o para permanencias de m\u00e1s de dos noches, consulte la secci\u00f3n ofertas o pida un presupuesto personalizado.<\/span><\/p>\n<p class=\"p1\"><span class=\"s1\">\u2013 Cama supletoria \u20ac15,00 por noche<\/span><\/p>\n<p class=\"p1\"><span class=\"s1\">\u2013 Cama para ni\u00f1os previa reserva: \u20ac5,00 por la entera permanencia.<\/span><\/p>\n<p class=\"p1\"><span class=\"s1\">Se admiten animales previa reserva. Por cada animal se prevee un aumento del precio de la habitaci\u00f3n de \u20ac5,00 por noche.<\/span><\/p>\n<p class=\"p1\"><span class=\"s1\">En todas las habitaciones est\u00e1 prohibido fumar.<\/span><\/p>\n<p class=\"p1\"><span class=\"s1\">Check-in: 14:00 \u2013 20<\/span><\/p>\n<p class=\"p1\"><span class=\"s1\">Check-out: 11<\/span><\/p>\n<p>\u00a0<\/p>\n<p>[\/et_pb_text][et_pb_image src=\u00bbhttps:\/\/www.albadei2soli-bnb.com\/wp-content\/uploads\/2015\/01\/AIC_logoAFC_quadro_rosso.jpg\u00bb show_in_lightbox=\u00bboff\u00bb url_new_window=\u00bboff\u00bb use_overlay=\u00bboff\u00bb animation=\u00bboff\u00bb sticky=\u00bboff\u00bb align=\u00bbleft\u00bb force_fullwidth=\u00bboff\u00bb always_center_on_mobile=\u00bbon\u00bb admin_label=\u00bbImage\u00bb use_border_color=\u00bboff\u00bb border_color=\u00bb#ffffff\u00bb border_width=\u00bb1px\u00bb border_style=\u00bbsolid\u00bb disabled=\u00bboff\u00bb] [\/et_pb_image][\/et_pb_column][et_pb_column type=\u00bb1_2&#8243; disabled=\u00bboff\u00bb parallax=\u00bboff\u00bb parallax_method=\u00bbon\u00bb][et_pb_image src=\u00bbhttps:\/\/www.albadei2soli-bnb.com\/wp-content\/uploads\/2015\/01\/DSC_8518-24.jpg\u00bb show_in_lightbox=\u00bboff\u00bb url_new_window=\u00bboff\u00bb use_overlay=\u00bboff\u00bb animation=\u00bboff\u00bb sticky=\u00bboff\u00bb align=\u00bbleft\u00bb force_fullwidth=\u00bboff\u00bb always_center_on_mobile=\u00bbon\u00bb admin_label=\u00bbImage\u00bb use_border_color=\u00bboff\u00bb border_color=\u00bb#ffffff\u00bb border_width=\u00bb1px\u00bb border_style=\u00bbsolid\u00bb disabled=\u00bboff\u00bb] [\/et_pb_image][et_pb_image src=\u00bbhttps:\/\/www.albadei2soli-bnb.com\/wp-content\/uploads\/2015\/01\/DSC_8431-10.jpg\u00bb show_in_lightbox=\u00bboff\u00bb url_new_window=\u00bboff\u00bb use_overlay=\u00bboff\u00bb animation=\u00bboff\u00bb sticky=\u00bboff\u00bb align=\u00bbleft\u00bb force_fullwidth=\u00bboff\u00bb always_center_on_mobile=\u00bbon\u00bb admin_label=\u00bbImage\u00bb use_border_color=\u00bboff\u00bb border_color=\u00bb#ffffff\u00bb border_width=\u00bb1px\u00bb border_style=\u00bbsolid\u00bb disabled=\u00bboff\u00bb] [\/et_pb_image][\/et_pb_column][\/et_pb_row][\/et_pb_section]<\/p>\n","protected":false},"excerpt":{"rendered":"<p>[et_pb_section transparent_background=\u00bboff\u00bb allow_player_pause=\u00bboff\u00bb inner_shadow=\u00bboff\u00bb parallax=\u00bboff\u00bb parallax_method=\u00bbon\u00bb make_fullwidth=\u00bboff\u00bb use_custom_width=\u00bboff\u00bb width_unit=\u00bboff\u00bb custom_width_px=\u00bb1080px\u00bb custom_width_percent=\u00bb80%\u00bb make_equal=\u00bboff\u00bb use_custom_gutter=\u00bboff\u00bb fullwidth=\u00bboff\u00bb specialty=\u00bboff\u00bb admin_label=\u00bbsection\u00bb disabled=\u00bboff\u00bb][et_pb_row make_fullwidth=\u00bboff\u00bb use_custom_width=\u00bboff\u00bb width_unit=\u00bboff\u00bb custom_width_px=\u00bb1080px\u00bb custom_width_percent=\u00bb80%\u00bb use_custom_gutter=\u00bboff\u00bb gutter_width=\u00bb3&#8243; allow_player_pause=\u00bboff\u00bb parallax=\u00bboff\u00bb parallax_method=\u00bbon\u00bb make_equal=\u00bboff\u00bb parallax_1=\u00bboff\u00bb parallax_method_1=\u00bbon\u00bb parallax_2=\u00bboff\u00bb parallax_method_2=\u00bbon\u00bb parallax_3=\u00bboff\u00bb parallax_method_3=\u00bbon\u00bb parallax_4=\u00bboff\u00bb parallax_method_4=\u00bbon\u00bb admin_label=\u00bbrow\u00bb disabled=\u00bboff\u00bb][et_pb_column type=\u00bb4_4&#8243; disabled=\u00bboff\u00bb parallax=\u00bboff\u00bb parallax_method=\u00bbon\u00bb][et_pb_text background_layout=\u00bblight\u00bb text_orientation=\u00bbleft\u00bb admin_label=\u00bbText\u00bb use_border_color=\u00bboff\u00bb border_style=\u00bbsolid\u00bb disabled=\u00bboff\u00bb] Habitaciones y Tarifas En nuestro B&#038;B cada [&hellip;]<\/p>\n","protected":false},"author":1,"featured_media":0,"parent":0,"menu_order":0,"comment_status":"open","ping_status":"open","template":"","meta":{"jetpack_post_was_ever_published":false,"footnotes":""},"class_list":["post-579","page","type-page","status-publish","hentry"],"jetpack_sharing_enabled":true,"jetpack_shortlink":"https:\/\/wp.me\/P6jfyR-9l","jetpack-related-posts":[],"_links":{"self":[{"href":"https:\/\/www.albadei2soli-bnb.com\/es\/wp-json\/wp\/v2\/pages\/579","targetHints":{"allow":["GET"]}}],"collection":[{"href":"https:\/\/www.albadei2soli-bnb.com\/es\/wp-json\/wp\/v2\/pages"}],"about":[{"href":"https:\/\/www.albadei2soli-bnb.com\/es\/wp-json\/wp\/v2\/types\/page"}],"author":[{"embeddable":true,"href":"https:\/\/www.albadei2soli-bnb.com\/es\/wp-json\/wp\/v2\/users\/1"}],"replies":[{"embeddable":true,"href":"https:\/\/www.albadei2soli-bnb.com\/es\/wp-json\/wp\/v2\/comments?post=579"}],"version-history":[{"count":11,"href":"https:\/\/www.albadei2soli-bnb.com\/es\/wp-json\/wp\/v2\/pages\/579\/revisions"}],"predecessor-version":[{"id":893,"href":"https:\/\/www.albadei2soli-bnb.com\/es\/wp-json\/wp\/v2\/pages\/579\/revisions\/893"}],"wp:attachment":[{"href":"https:\/\/www.albadei2soli-bnb.com\/es\/wp-json\/wp\/v2\/media?parent=579"}],"curies":[{"name":"wp","href":"https:\/\/api.w.org\/{rel}","templated":true}]}}